{"id":3214,"date":"2017-07-14T06:49:46","date_gmt":"2017-07-14T03:49:46","guid":{"rendered":"http:\/\/wpdemos.themezaa.com\/pofo\/?page_id=3214"},"modified":"2021-03-10T16:56:13","modified_gmt":"2021-03-10T13:56:13","slug":"baski","status":"publish","type":"page","link":"http:\/\/hayratnesriyat.com\/index.php\/baski\/","title":{"rendered":"BASKI"},"content":{"rendered":"<section data-vc-full-width=\"true\" data-vc-full-width-init=\"false\" class=\"vc_row wpb_row vc_row-fluid   wow fadeIn pofo-stretch-content pofo-stretch-row-container\"><div class=\"wpb_column vc_column_container vc_col-sm-12  col-xs-mobile-fullwidth\"><div class=\"vc_column-inner \"><div class=\"wpb_wrapper\"><div class=\"vc_row wpb_row vc_inner vc_row-fluid\"><div class=\"wpb_column vc_column_container vc_col-md-4 col-xs-mobile-fullwidth wow none pofo-column-responsive-69e387d24f318\"><div class=\"vc_column-inner \"><div class=\"wpb_wrapper\"><div class=\"featurebox32 pofo-featurebox featurebox32-1\" ><div class=\"blog-post-images overflow-hidden margin-25px-bottom xs-margin-15px-bottom\"><img loading=\"lazy\" decoding=\"async\" src=\"http:\/\/hayratnesriyat.com\/wp-content\/uploads\/2019\/07\/WEB1-1.jpg\" width=\"720\" height=\"480\"  alt=\"\" srcset=\"http:\/\/hayratnesriyat.com\/wp-content\/uploads\/2019\/07\/WEB1-1.jpg 720w, http:\/\/hayratnesriyat.com\/wp-content\/uploads\/2019\/07\/WEB1-1-300x200.jpg 300w, http:\/\/hayratnesriyat.com\/wp-content\/uploads\/2019\/07\/WEB1-1-81x54.jpg 81w\" sizes=\"auto, (max-width: 720px) 100vw, 720px\" class=\"icon-image\"\/><\/div><div class=\"separator-line-verticle-small-think bg-deep-pink display-inline-block vertical-align-top margin-two-half-top margin-four-right xs-display-none\"><\/div><div class=\"post-details width-90 display-inline-block xs-width-100 xs-text-center\"><span class=\"alt-font margin-5px-bottom display-block text-extra-dark-gray font-weight-600\"><a class=\"feature-title-link text-extra-dark-gray\"  href=\"http:\/\/hayratnesriyat.com\/2019\/?page_id=3661\">MATBAAMIZ<\/a><\/span><div class=\"last-paragraph-no-margin\"><p>Hayr\u00e2t Ne\u015friyat matbaa tesisleri, Isparta\u2019da 14 bin m2\u2019lik bir alanda kuruludur. Matbaa, 40 gr. k\u00e2\u011f\u0131ttan 300 grama kadar bask\u0131 yap\u0131labilmektedir. Kaliteli ve g\u00fcvenilir bir bask\u0131 i\u00e7in gerekli b\u00fct\u00fcn donan\u0131ma sahiptir.<\/p>\n<\/div><\/div><\/div>[vc_btn title=&#8221;AYRINTILI B\u0130LG\u0130 \u0130\u00c7\u0130N TIKLAYINIZ&#8221; style=&#8221;classic&#8221; color=&#8221;primary&#8221; size=&#8221;sm&#8221; align=&#8221;center&#8221; css=&#8221;.vc_custom_1615384496145{padding-top: 15px !important;}&#8221; link=&#8221;url:http%3A%2F%2Fhayratnesriyat.com%2F%3Fpage_id%3D3661|title:MATBAAMIZ||&#8221;]<\/div><\/div><\/div><div class=\"wpb_column vc_column_container vc_col-md-4 col-xs-mobile-fullwidth wow none pofo-column-responsive-69e387d250d19\"><div class=\"vc_column-inner \"><div class=\"wpb_wrapper\"><div class=\"featurebox32 pofo-featurebox featurebox32-2\" ><div class=\"blog-post-images overflow-hidden margin-25px-bottom xs-margin-15px-bottom\"><img loading=\"lazy\" decoding=\"async\" src=\"http:\/\/hayratnesriyat.com\/wp-content\/uploads\/2019\/07\/1-web-768x512.jpg\" width=\"768\" height=\"512\"  alt=\"\" srcset=\"http:\/\/hayratnesriyat.com\/wp-content\/uploads\/2019\/07\/1-web-768x512.jpg 768w, http:\/\/hayratnesriyat.com\/wp-content\/uploads\/2019\/07\/1-web-300x200.jpg 300w, http:\/\/hayratnesriyat.com\/wp-content\/uploads\/2019\/07\/1-web-81x54.jpg 81w, http:\/\/hayratnesriyat.com\/wp-content\/uploads\/2019\/07\/1-web.jpg 1000w\" sizes=\"auto, (max-width: 768px) 100vw, 768px\" class=\"icon-image\"\/><\/div><div class=\"separator-line-verticle-small-think bg-deep-pink display-inline-block vertical-align-top margin-two-half-top margin-four-right xs-display-none\"><\/div><div class=\"post-details width-90 display-inline-block xs-width-100 xs-text-center\"><span class=\"alt-font margin-5px-bottom display-block text-extra-dark-gray font-weight-600\"><a class=\"feature-title-link text-extra-dark-gray\"  href=\"http:\/\/hayratnesriyat.com\/2019\/?page_id=3760\">TEV\u00c2FUKLU KUR'AN-I KER\u0130M<\/a><\/span><div class=\"last-paragraph-no-margin\"><p>Kur\u2019an\u2019daki tevafuk mucizesi ise, Kur\u2019an\u2019da bulunan toplam\u00a0<strong>2806<\/strong>\u00a0adet\u00a0<strong>\u201cAllah\u201d<\/strong>\u00a0lafz\u0131n\u0131n baz\u0131 m\u00fcstesnalar hari\u00e7 birbiriyle tevafuk etmesidir. Kur\u2019an\u2019\u0131n\u00a0<strong>604<\/strong> sayfas\u0131n\u0131n \u00e7o\u011funda <strong>\u201cAllah\u201d<\/strong>\u00a0lafz\u0131 m\u00fckerrer olarak ge\u00e7mektedir.<\/p>\n<\/div><\/div><\/div>[vc_btn title=&#8221;AYRINTILI B\u0130LG\u0130 \u0130\u00c7\u0130N TIKLAYINIZ&#8221; style=&#8221;classic&#8221; color=&#8221;primary&#8221; size=&#8221;sm&#8221; align=&#8221;center&#8221; css=&#8221;.vc_custom_1615384504513{padding-top: 15px !important;}&#8221; link=&#8221;url:http%3A%2F%2Fhayratnesriyat.com%2F%3Fpage_id%3D3760|title:TEV%C3%82FUK%20MUC%C4%B0ZES%C4%B0||&#8221;]<\/div><\/div><\/div><div class=\"wpb_column vc_column_container vc_col-md-4 col-xs-mobile-fullwidth wow none\"><div class=\"vc_column-inner \"><div class=\"wpb_wrapper\"><div class=\"featurebox32 pofo-featurebox featurebox32-3\" ><div class=\"blog-post-images overflow-hidden margin-25px-bottom xs-margin-15px-bottom\"><img loading=\"lazy\" decoding=\"async\" src=\"http:\/\/hayratnesriyat.com\/wp-content\/uploads\/2019\/07\/1.jpg\" width=\"1500\" height=\"1000\"  alt=\"\" srcset=\"http:\/\/hayratnesriyat.com\/wp-content\/uploads\/2019\/07\/1.jpg 1500w, http:\/\/hayratnesriyat.com\/wp-content\/uploads\/2019\/07\/1-300x200.jpg 300w, http:\/\/hayratnesriyat.com\/wp-content\/uploads\/2019\/07\/1-768x512.jpg 768w, http:\/\/hayratnesriyat.com\/wp-content\/uploads\/2019\/07\/1-1024x683.jpg 1024w, http:\/\/hayratnesriyat.com\/wp-content\/uploads\/2019\/07\/1-1157x771.jpg 1157w, http:\/\/hayratnesriyat.com\/wp-content\/uploads\/2019\/07\/1-81x54.jpg 81w\" sizes=\"auto, (max-width: 1500px) 100vw, 1500px\" class=\"icon-image\"\/><\/div><div class=\"separator-line-verticle-small-think bg-deep-pink display-inline-block vertical-align-top margin-two-half-top margin-four-right xs-display-none\"><\/div><div class=\"post-details width-90 display-inline-block xs-width-100 xs-text-center\"><span class=\"alt-font margin-5px-bottom display-block text-extra-dark-gray font-weight-600\"><a class=\"feature-title-link text-extra-dark-gray\"  href=\"http:\/\/hayratnesriyat.com\/2019\/?page_id=5387\">ESER \u00c7E\u015e\u0130TLER\u0130M\u0130Z<\/a><\/span><div class=\"last-paragraph-no-margin\"><p>Hayr\u00e2t Ne\u015friyat, 120\u2019den fazla eser \u00e7e\u015fidini Kur\u2019\u00e2n \u00e2\u015f\u0131klar\u0131n\u0131n istifadesine sunmaktad\u0131r.\u00a0 \u0130hracat sahas\u0131, ba\u015fta Avrupa \u00fclkeleri olmak \u00fczere d\u00fcnyan\u0131n d\u00f6rt bir yan\u0131n\u0131 kapsamaktad\u0131r. T\u00fcrkiye ve d\u00fcnyada ger\u00e7ekle\u015ftirilen kitap fuarlar\u0131n\u0131n kat\u0131l\u0131mc\u0131s\u0131d\u0131r.<\/p>\n<\/div><\/div><\/div>[vc_btn title=&#8221;AYRINTILI B\u0130LG\u0130 \u0130\u00c7\u0130N TIKLAYINIZ&#8221; style=&#8221;classic&#8221; color=&#8221;primary&#8221; size=&#8221;sm&#8221; align=&#8221;center&#8221; css=&#8221;.vc_custom_1615384512538{padding-top: 15px !important;}&#8221; link=&#8221;url:http%3A%2F%2Fhayratnesriyat.com%2F%3Fpage_id%3D5387|title:ESER%20%C3%87E%C5%9E%C4%B0TLER%C4%B0M%C4%B0Z||&#8221;]<\/div><\/div><\/div><\/div><\/div><\/div><\/div><\/section><div class=\"vc_row-full-width vc_clearfix\"><\/div>\n","protected":false},"excerpt":{"rendered":"MATBAAMIZHayr\u00e2t Ne\u015friyat matbaa tesisleri, Isparta\u2019da 14 bin m2\u2019lik bir alanda kuruludur. Matbaa, 40 gr. k\u00e2\u011f\u0131ttan 300 grama kadar bask\u0131 yap\u0131labilmektedir. Kaliteli ve g\u00fcvenilir bir bask\u0131 i\u00e7in gerekli b\u00fct\u00fcn donan\u0131ma sahiptir. [vc_btn title=\"AYRINTILI B\u0130LG\u0130 \u0130\u00c7\u0130N TIKLAYINIZ\" style=\"classic\" color=\"primary\" size=\"sm\" align=\"center\" css=\".vc_custom_1615384496145{padding-top: 15px !important;}\" link=\"url:http%3A%2F%2Fhayratnesriyat.com%2F%3Fpage_id%3D3661|title:MATBAAMIZ||\"]TEV\u00c2FUKLU KUR'AN-I KER\u0130MKur\u2019an\u2019daki tevafuk mucizesi ise, Kur\u2019an\u2019da bulunan toplam\u00a02806\u00a0adet\u00a0\u201cAllah\u201d\u00a0lafz\u0131n\u0131n baz\u0131 m\u00fcstesnalar hari\u00e7 birbiriyle tevafuk etmesidir. Kur\u2019an\u2019\u0131n\u00a0604 sayfas\u0131n\u0131n \u00e7o\u011funda \u201cAllah\u201d\u00a0lafz\u0131 m\u00fckerrer olarak ge\u00e7mektedir. [vc_btn title=\"AYRINTILI B\u0130LG\u0130 \u0130\u00c7\u0130N TIKLAYINIZ\" style=\"classic\" color=\"primary\" size=\"sm\" align=\"center\" css=\".vc_custom_1615384504513{padding-top: 15px !important;}\" link=\"url:http%3A%2F%2Fhayratnesriyat.com%2F%3Fpage_id%3D3760|title:TEV%C3%82FUK%20MUC%C4%B0ZES%C4%B0||\"]ESER \u00c7E\u015e\u0130TLER\u0130M\u0130ZHayr\u00e2t Ne\u015friyat, 120\u2019den fazla eser \u00e7e\u015fidini Kur\u2019\u00e2n \u00e2\u015f\u0131klar\u0131n\u0131n istifadesine sunmaktad\u0131r.\u00a0 \u0130hracat sahas\u0131, ba\u015fta Avrupa \u00fclkeleri olmak \u00fczere d\u00fcnyan\u0131n d\u00f6rt bir yan\u0131n\u0131 kapsamaktad\u0131r. T\u00fcrkiye ve d\u00fcnyada ger\u00e7ekle\u015ftirilen kitap fuarlar\u0131n\u0131n kat\u0131l\u0131mc\u0131s\u0131d\u0131r. [vc_btn title=\"AYRINTILI B\u0130LG\u0130 \u0130\u00c7\u0130N TIKLAYINIZ\" style=\"classic\" color=\"primary\" size=\"sm\" align=\"center\" css=\".vc_custom_1615384512538{padding-top: 15px !important;}\" link=\"url:http%3A%2F%2Fhayratnesriyat.com%2F%3Fpage_id%3D5387|title:ESER%20%C3%87E%C5%9E%C4%B0TLER%C4%B0M%C4%B0Z||\"]","protected":false},"author":1,"featured_media":0,"parent":0,"menu_order":0,"comment_status":"closed","ping_status":"closed","template":"","meta":{"footnotes":""},"class_list":["post-3214","page","type-page","status-publish","hentry"],"_links":{"self":[{"href":"http:\/\/hayratnesriyat.com\/index.php\/wp-json\/wp\/v2\/pages\/3214","targetHints":{"allow":["GET"]}}],"collection":[{"href":"http:\/\/hayratnesriyat.com\/index.php\/wp-json\/wp\/v2\/pages"}],"about":[{"href":"http:\/\/hayratnesriyat.com\/index.php\/wp-json\/wp\/v2\/types\/page"}],"author":[{"embeddable":true,"href":"http:\/\/hayratnesriyat.com\/index.php\/wp-json\/wp\/v2\/users\/1"}],"replies":[{"embeddable":true,"href":"http:\/\/hayratnesriyat.com\/index.php\/wp-json\/wp\/v2\/comments?post=3214"}],"version-history":[{"count":10,"href":"http:\/\/hayratnesriyat.com\/index.php\/wp-json\/wp\/v2\/pages\/3214\/revisions"}],"predecessor-version":[{"id":21724,"href":"http:\/\/hayratnesriyat.com\/index.php\/wp-json\/wp\/v2\/pages\/3214\/revisions\/21724"}],"wp:attachment":[{"href":"http:\/\/hayratnesriyat.com\/index.php\/wp-json\/wp\/v2\/media?parent=3214"}],"curies":[{"name":"wp","href":"https:\/\/api.w.org\/{rel}","templated":true}]}}