{"id":3253,"date":"2017-07-14T10:39:14","date_gmt":"2017-07-14T07:39:14","guid":{"rendered":"http:\/\/wpdemos.themezaa.com\/pofo\/?page_id=3253"},"modified":"2021-03-10T17:05:03","modified_gmt":"2021-03-10T14:05:03","slug":"logolarimiz","status":"publish","type":"page","link":"http:\/\/hayratnesriyat.com\/index.php\/logolarimiz\/","title":{"rendered":"LOGOLARIMIZ"},"content":{"rendered":"<section data-vc-full-width=\"true\" data-vc-full-width-init=\"false\" class=\"vc_row wpb_row vc_row-fluid   wow fadeIn pofo-stretch-content pofo-stretch-row-container\"><div class=\"wpb_column vc_column_container vc_col-sm-12  col-xs-mobile-fullwidth\"><div class=\"vc_column-inner \"><div class=\"wpb_wrapper\"><div class=\"vc_row wpb_row vc_inner vc_row-fluid   vc_row-o-equal-height vc_row-flex\"><div class=\"wpb_column vc_column_container vc_col-sm-6 vc_col-md-3 vc_col-xs-12 wow fadeInUp text-center pofo-column-responsive-69e38b34aec4e\"><div class=\"vc_column-inner \"><div class=\"wpb_wrapper\"><div class=\"padding-50px-all md-padding-40px-all xs-padding-30px-all bg-white box-shadow featurebox23-1 featurebox23 pofo-featurebox  vc_custom_1615385082365 pofo-feature-box-responsive-69e38b34aef76\" ><div class=\"display-inline-block margin-40px-bottom xs-margin-30px-bottom padding-35px-all border-radius-100 bg-light-gray\" style=\"\"><a  target=\"_blank\" href=\"http:\/\/hayratnesriyat.com\/wp-content\/uploads\/2019\/07\/hayrat_nesriyat.eps\"><img decoding=\"async\" src=\"http:\/\/hayratnesriyat.com\/wp-content\/uploads\/2019\/07\/logo-png-100.png\" alt=\"\" class=\"icon-image\" \/><\/a><\/div><div class=\"text-small alt-font text-medium-gray\">Vekt\u00f6rel<\/div><span class=\"alt-font text-extra-dark-gray font-weight-600 display-block margin-20px-bottom\"><a class=\"feature-title-link text-extra-dark-gray\"  target=\"_blank\" href=\"http:\/\/hayratnesriyat.com\/wp-content\/uploads\/2019\/07\/hayrat_nesriyat.eps\">EPS<\/a><\/span><\/div><\/div><\/div><\/div><div class=\"wpb_column vc_column_container vc_col-sm-6 vc_col-md-3 vc_col-xs-12 wow fadeInUp text-center pofo-column-responsive-69e38b34aefef\" data-wow-delay= 200ms><div class=\"vc_column-inner \"><div class=\"wpb_wrapper\"><div class=\"padding-50px-all md-padding-40px-all xs-padding-30px-all bg-white box-shadow featurebox23-2 featurebox23 pofo-featurebox  vc_custom_1615385088924 pofo-feature-box-responsive-69e38b34af09c\" ><div class=\"display-inline-block margin-40px-bottom xs-margin-30px-bottom padding-35px-all border-radius-100 bg-light-gray\" style=\"\"><a  target=\"_blank\" href=\"http:\/\/hayratnesriyat.com\/wp-content\/uploads\/2019\/07\/hayrat_nesriyat.pdf\"><img decoding=\"async\" src=\"http:\/\/hayratnesriyat.com\/wp-content\/uploads\/2019\/07\/logo-png-100.png\" alt=\"\" class=\"icon-image\" \/><\/a><\/div><div class=\"text-small alt-font text-medium-gray\">Vekt\u00f6rel<\/div><span class=\"alt-font text-extra-dark-gray font-weight-600 display-block margin-20px-bottom\"><a class=\"feature-title-link text-extra-dark-gray\"  target=\"_blank\" href=\"http:\/\/hayratnesriyat.com\/wp-content\/uploads\/2019\/07\/hayrat_nesriyat.pdf\">PDF<\/a><\/span><\/div><\/div><\/div><\/div><div class=\"wpb_column vc_column_container vc_col-sm-6 vc_col-md-3 vc_col-xs-12 md-clear-both wow fadeInUp text-center pofo-column-responsive-69e38b34af0db\" data-wow-delay= 400ms data-clear-both=\"md-clear-both\"><div class=\"vc_column-inner \"><div class=\"wpb_wrapper\"><div class=\"padding-50px-all md-padding-40px-all xs-padding-30px-all bg-white box-shadow featurebox23-3 featurebox23 pofo-featurebox  vc_custom_1615385095052 pofo-feature-box-responsive-69e38b34af174\" ><div class=\"display-inline-block margin-40px-bottom xs-margin-30px-bottom padding-35px-all border-radius-100 bg-light-gray\" style=\"\"><a  target=\"_blank\" href=\"http:\/\/hayratnesriyat.com\/wp-content\/uploads\/2019\/07\/hayrat_nesriyat.jpg\"><img decoding=\"async\" src=\"http:\/\/hayratnesriyat.com\/wp-content\/uploads\/2019\/07\/logo-png-100.png\" alt=\"\" class=\"icon-image\" \/><\/a><\/div><div class=\"text-small alt-font text-medium-gray\">1000px x 1000px<\/div><span class=\"alt-font text-extra-dark-gray font-weight-600 display-block margin-20px-bottom\"><a class=\"feature-title-link text-extra-dark-gray\"  target=\"_blank\" href=\"http:\/\/hayratnesriyat.com\/wp-content\/uploads\/2019\/07\/hayrat_nesriyat.jpg\">JPG<\/a><\/span><\/div><\/div><\/div><\/div><div class=\"wpb_column vc_column_container vc_col-sm-6 vc_col-md-3 vc_col-xs-12 wow fadeInUp text-center\" data-wow-delay= 600ms><div class=\"vc_column-inner \"><div class=\"wpb_wrapper\"><div class=\"padding-50px-all md-padding-40px-all xs-padding-30px-all bg-white box-shadow featurebox23-4 featurebox23 pofo-featurebox  vc_custom_1615385101273 pofo-feature-box-responsive-69e38b34af234\" ><div class=\"display-inline-block margin-40px-bottom xs-margin-30px-bottom padding-35px-all border-radius-100 bg-light-gray\" style=\"\"><a  target=\"_blank\" href=\"http:\/\/hayratnesriyat.com\/wp-content\/uploads\/2019\/07\/hayrat_nesriyat.png\"><img decoding=\"async\" src=\"http:\/\/hayratnesriyat.com\/wp-content\/uploads\/2019\/07\/logo-png-100.png\" alt=\"\" class=\"icon-image\" \/><\/a><\/div><div class=\"text-small alt-font text-medium-gray\">1000px x 1000px<\/div><span class=\"alt-font text-extra-dark-gray font-weight-600 display-block margin-20px-bottom\"><a class=\"feature-title-link text-extra-dark-gray\"  target=\"_blank\" href=\"http:\/\/hayratnesriyat.com\/wp-content\/uploads\/2019\/07\/hayrat_nesriyat.png\">PNG<\/a><\/span><\/div><\/div><\/div><\/div><\/div><div class=\" vc_custom_1564150653499 last-paragraph-no-margin\"><h6>RENK KODLARI<\/h6>\n<ul>\n<li>Lacivert Renk Kodu: #004c9c<\/li>\n<li>Turkuaz Renk Kodu: #b2dbd4<\/li>\n<li>G\u00fcl Renk Kodu: #ec5d72<\/li>\n<\/ul>\n<p>Font: Times New Roman<\/p>\n<\/div><\/div><\/div><\/div><\/section><div class=\"vc_row-full-width vc_clearfix\"><\/div>\n","protected":false},"excerpt":{"rendered":"Vekt\u00f6relEPSVekt\u00f6relPDF1000px x 1000pxJPG1000px x 1000pxPNGRENK KODLARI Lacivert Renk Kodu: #004c9c Turkuaz Renk Kodu: #b2dbd4 G\u00fcl Renk Kodu: #ec5d72 Font: Times New Roman","protected":false},"author":1,"featured_media":0,"parent":0,"menu_order":0,"comment_status":"closed","ping_status":"closed","template":"","meta":{"footnotes":""},"class_list":["post-3253","page","type-page","status-publish","hentry"],"_links":{"self":[{"href":"http:\/\/hayratnesriyat.com\/index.php\/wp-json\/wp\/v2\/pages\/3253","targetHints":{"allow":["GET"]}}],"collection":[{"href":"http:\/\/hayratnesriyat.com\/index.php\/wp-json\/wp\/v2\/pages"}],"about":[{"href":"http:\/\/hayratnesriyat.com\/index.php\/wp-json\/wp\/v2\/types\/page"}],"author":[{"embeddable":true,"href":"http:\/\/hayratnesriyat.com\/index.php\/wp-json\/wp\/v2\/users\/1"}],"replies":[{"embeddable":true,"href":"http:\/\/hayratnesriyat.com\/index.php\/wp-json\/wp\/v2\/comments?post=3253"}],"version-history":[{"count":18,"href":"http:\/\/hayratnesriyat.com\/index.php\/wp-json\/wp\/v2\/pages\/3253\/revisions"}],"predecessor-version":[{"id":21731,"href":"http:\/\/hayratnesriyat.com\/index.php\/wp-json\/wp\/v2\/pages\/3253\/revisions\/21731"}],"wp:attachment":[{"href":"http:\/\/hayratnesriyat.com\/index.php\/wp-json\/wp\/v2\/media?parent=3253"}],"curies":[{"name":"wp","href":"https:\/\/api.w.org\/{rel}","templated":true}]}}