{"id":3661,"date":"2017-07-26T12:15:02","date_gmt":"2017-07-26T09:15:02","guid":{"rendered":"http:\/\/wpdemos.themezaa.com\/pofo\/?page_id=3661"},"modified":"2021-03-10T17:02:08","modified_gmt":"2021-03-10T14:02:08","slug":"matbaamiz","status":"publish","type":"page","link":"http:\/\/hayratnesriyat.com\/index.php\/matbaamiz\/","title":{"rendered":"MATBAAMIZ"},"content":{"rendered":"<section data-vc-full-width=\"true\" data-vc-full-width-init=\"false\" data-stellar-background-ratio=\"0.5\" class=\"vc_row wpb_row vc_row-fluid mobile-height vc_custom_1615384668919 top-space wow fadeIn vc_row-has-fill pofo-stretch-content pofo-stretch-row-container vc_row-o-full-height vc_row-o-columns-middle vc_row-o-content-middle vc_row-flex parallax pofo-row-responsive-69e38b8238461\"><div class=\"bg-extra-dark-gray bg-overlay\" style=\"opacity:0.5; background-color:#1c1c1c; \"><\/div><div class=\"wpb_column vc_column_container vc_col-sm-12  col-xs-mobile-fullwidth\"><div class=\"vc_column-inner \"><div class=\"wpb_wrapper\">[vc_custom_heading text=&#8221;D\u00fcnyan\u0131n ikinci b\u00fcy\u00fck<br \/>\nKur&#8217;an-\u0131 Kerim matbaas\u0131&#8230;&#8221; font_container=&#8221;tag:h2|text_align:center|color:%23ffffff&#8221; use_theme_fonts=&#8221;yes&#8221; css_animation=&#8221;fadeInDown&#8221;]<\/div><\/div><\/div><\/section><div class=\"vc_row-full-width vc_clearfix\"><\/div><section class=\"vc_row wpb_row vc_row-fluid   wow fadeIn vc_row-o-equal-height vc_row-flex\"><div class=\"wpb_column vc_column_container vc_col-sm-6 vc_col-md-3 vc_col-xs-12 text-center pofo-column-responsive-69e38b823869f\"><div class=\"vc_column-inner \"><div class=\"wpb_wrapper\"><div class=\"featurebox8 pofo-featurebox  vc_custom_1563347608951 position-relative overflow-hidden z-index-5 padding-twelve-all md-padding-six-all xs-padding-15px-lr featurebox8-1\" ><div class=\"display-inline-block margin-20px-bottom\"><i class=\"link-icon fas fa-arrows-alt icon-medium text-white icon-round-small bg-deep-pink margin-25px-bottom margin-25px-top sm-margin-20px-bottom xs-margin-15px-bottom\" style=\"\"><\/i><\/div><div class=\"center-col last-paragraph-no-margin  width-75\"><p>Hayr\u00e2t Ne\u015friyat matbaa tesisleri, Isparta\u2019da 14 bin m2\u2019lik bir alanda kuruludur.<\/p>\n<\/div><\/div><\/div><\/div><\/div><div class=\"wpb_column vc_column_container vc_col-sm-6 vc_col-md-3 vc_col-xs-12 text-center pofo-column-responsive-69e38b8238894\"><div class=\"vc_column-inner \"><div class=\"wpb_wrapper\"><div class=\"featurebox8 pofo-featurebox  vc_custom_1563347642373 position-relative overflow-hidden z-index-5 padding-twelve-all md-padding-six-all xs-padding-15px-lr featurebox8-2\" ><div class=\"display-inline-block margin-20px-bottom\"><i class=\"link-icon far fa-map icon-medium text-white icon-round-small bg-deep-pink margin-25px-bottom margin-25px-top sm-margin-20px-bottom xs-margin-15px-bottom\" style=\"\"><\/i><\/div><div class=\"center-col last-paragraph-no-margin  width-75\"><p>Matbaa, 40 gr. k\u00e2\u011f\u0131ttan 300 grama kadar bask\u0131 yap\u0131labilmektedir.<\/p>\n<\/div><\/div><\/div><\/div><\/div><div class=\"wpb_column vc_column_container vc_col-has-fill vc_col-sm-6 vc_col-md-3 vc_col-xs-12 md-clear-both text-center pofo-column-responsive-69e38b82389c3\" data-clear-both=\"md-clear-both\"><div class=\"vc_column-inner vc_custom_1510577870925\"><div class=\"wpb_wrapper\"><div class=\"featurebox8 pofo-featurebox  vc_custom_1563347685482 position-relative overflow-hidden z-index-5 padding-twelve-all md-padding-six-all xs-padding-15px-lr featurebox8-3\" ><div class=\"display-inline-block margin-20px-bottom\"><i class=\"link-icon fas fa-clipboard-check icon-medium text-white icon-round-small bg-deep-pink margin-25px-bottom margin-25px-top sm-margin-20px-bottom xs-margin-15px-bottom\" style=\"\"><\/i><\/div><div class=\"center-col last-paragraph-no-margin  width-75\"><p>Kaliteli ve g\u00fcvenilir bir bask\u0131 i\u00e7in gerekli b\u00fct\u00fcn donan\u0131ma sahiptir.<\/p>\n<\/div><\/div><\/div><\/div><\/div><div class=\"wpb_column vc_column_container vc_col-sm-6 vc_col-md-3 vc_col-xs-12 text-center\"><div class=\"vc_column-inner \"><div class=\"wpb_wrapper\"><div class=\"featurebox8 pofo-featurebox  vc_custom_1563347745113 position-relative overflow-hidden z-index-5 padding-twelve-all md-padding-six-all xs-padding-15px-lr featurebox8-4\" ><div class=\"display-inline-block margin-20px-bottom\"><i class=\"link-icon fas fa-certificate icon-medium text-white icon-round-small bg-deep-pink margin-25px-bottom margin-25px-top sm-margin-20px-bottom xs-margin-15px-bottom\" style=\"\"><\/i><\/div><div class=\"center-col last-paragraph-no-margin  width-75\"><p>Azami h\u00fcrmet ve hassasiyet g\u00f6sterilmekte ve gerekli tedbirler al\u0131nmaktad\u0131r.<\/p>\n<\/div><\/div><\/div><\/div><\/div><\/section><section data-vc-full-width=\"true\" data-vc-full-width-init=\"false\" data-vc-stretch-content=\"true\" class=\"vc_row wpb_row vc_row-fluid  vc_custom_1510577931529 wow fadeIn vc_row-has-fill pofo-stretch-content vc_row-no-padding vc_row-o-equal-height vc_row-flex\"><div class=\"wpb_column vc_column_container vc_col-has-fill vc_col-sm-12 vc_col-md-6 vc_col-xs-12 wow slideInLeft pofo-column-responsive-69e38b8238c66\"><div class=\"vc_column-inner vc_custom_1563350545509\"><div class=\"wpb_wrapper\">[vc_single_image image=&#8221;21727&#8243; img_size=&#8221;full&#8221;]<\/div><\/div><\/div><div class=\"wpb_column vc_column_container vc_col-has-fill vc_col-sm-12 vc_col-md-6 vc_col-xs-12 wow slideInRight sm-text-center xs-text-center\"><div class=\"vc_column-inner vc_custom_1507816697720\"><div class=\"wpb_wrapper\"><div class=\"vc_row wpb_row vc_inner vc_row-fluid  vc_custom_1507810237210 pofo-inner-row-responsive-69e38b8238d9e\"><div class=\"wpb_column vc_column_container vc_col-sm-12  col-xs-mobile-fullwidth\"><div class=\"vc_column-inner \"><div class=\"wpb_wrapper\"><div class=\"last-paragraph-no-margin pofo-text-block-responsive-69e38b8238f23\" style=\"color: #ffffff; width: 80%;\"><h5>Hayr\u00e2t Ne\u015friyat matbaa tesislerinde, d\u00fcnyan\u0131n de\u011fi\u015fik \u00fclkelerinden \u00f6zenle se\u00e7ilerek al\u0131nan birinci s\u0131n\u0131f k\u00e2\u011f\u0131tlar, 6 renkli makinelerde bas\u0131l\u0131p bak\u0131m ve k\u0131rma \u00fcnitelerine u\u011frarlar. Harman makinesinin ahenkli hareketlerinden ge\u00e7erek diki\u015f ve kurutma b\u00f6l\u00fcmlerini ziyaret ederler.<\/h5>\n<h6>Yald\u0131zdan ge\u00e7tikten sonra kendisine kuruma f\u0131rsat\u0131 tan\u0131yan orijinal bir gezintiye \u00e7\u0131karlar. Bu arada haz\u0131rlanan ve kesme, kapaklanma, yald\u0131z ve frekans makinelerinden ge\u00e7erek selefonlama ve diki\u015f i\u015flemlerini tamamlayarak son hali kazanan kapaklarla bulu\u015furlar. Ve nihayet paketleme b\u00f6l\u00fcm\u00fcne ula\u015f\u0131rlar.<\/h6>\n<h6>Hayrat Ne\u015friyat matbaas\u0131na giren ve Ahmed H\u00fcsrev hatt\u0131 ile birle\u015fen bu k\u00e2\u011f\u0131tlar, art\u0131k birer Mushaf-\u0131 \u015eerif olarak i\u015finde uzman ekiplerle bizlerin d\u00fcnyas\u0131na ta\u015f\u0131n\u0131rlar.<\/h6>\n<\/div><a  href=\"http:\/\/hayratnesriyat.com\/2019\/?page_id=5387\" target=\"_self\" class=\"btn pofo-button-1 button-style6  btn-white btn-rounded  btn-small   vc_custom_1563347448289 pofo-button-responsive-69e38b8238fb4\" >ESER \u00c7E\u015e\u0130TLER\u0130M\u0130Z<\/a><\/div><\/div><\/div><\/div><\/div><\/div><\/div><\/section><div class=\"vc_row-full-width vc_clearfix\"><\/div><section data-vc-full-width=\"true\" data-vc-full-width-init=\"false\" class=\"vc_row wpb_row vc_row-fluid  vc_custom_1563349580005 wow fadeIn pofo-stretch-content pofo-stretch-row-container vc_row-o-equal-height vc_row-o-content-middle vc_row-flex\"><div class=\"wpb_column vc_column_container vc_col-has-fill vc_col-sm-12 vc_col-lg-6 vc_col-md-6 vc_col-xs-12 text-center pofo-column-responsive-69e38b82390fd\"><div class=\"vc_column-inner cover-background vc_custom_1615384925630\"><div class=\"wpb_wrapper\"><a class=\"youtube-video-1  popup-youtube pofo-button-2\" href=\"https:\/\/www.youtube.com\/watch?v=nkGLIf9ZMn4\"><img decoding=\"async\" src=\"http:\/\/hayratnesriyat.com\/wp-content\/uploads\/2017\/05\/icon-play.png\" alt=\"\" class=\"icon-image\" \/><\/a><\/div><\/div><\/div><div class=\"wpb_column vc_column_container vc_col-sm-12 vc_col-lg-6 vc_col-md-6 vc_col-xs-12 sm-text-center pofo-column-responsive-69e38b82394fa\"><div class=\"vc_column-inner vc_custom_1507813330898\"><div class=\"wpb_wrapper\"><span class=\"text-extra-dark-gray margin-20px-bottom font-weight-600 display-inline-block dynamic-font-size heading-style2 pofo-button-responsive-69e38b82395f2  heading-1\"  style=\"width: 90%; font-size: 25; line-height: 30; font-weight: 800; color: #87251b;\" data-fontsize=\"25\" data-lineheight=\"30\">Matbaa \u00e7al\u0131\u015fanlar\u0131, Kur\u2019\u00e2n'a h\u00fcrmeti \u00f6nceleyen, karde\u015flik duygusu i\u00e7erisinde, tak\u0131m ruhunu yakalam\u0131\u015f ve i\u015finde meleke sahibi olmu\u015f bir ekipten olu\u015fmaktad\u0131r.<\/span><span class=\"text-extra-dark-gray margin-20px-bottom font-weight-600 display-inline-block dynamic-font-size heading-style2 pofo-button-responsive-69e38b8239631  heading-2\"  style=\"width: 90%; font-size: 20; line-height: 25; font-weight: 500; color: #000000;\" data-fontsize=\"20\" data-lineheight=\"25\">\u00c7al\u0131\u015fma saatleri i\u00e7inde abdestli olmaya dikkat edilmektedir. Bu matbaada \u00e7al\u0131\u015fmak Kur\u2019\u00e2n'a hizmet etmenin di\u011fer ad\u0131 oldu\u011fundan Kur\u2019\u00e2n'a kar\u015f\u0131 azami h\u00fcrmet ve hassasiyet g\u00f6sterilmekte ve gerekli tedbirler al\u0131nmaktad\u0131r.<\/span><a  href=\"https:\/\/www.youtube.com\/watch?v=nkGLIf9ZMn4\" target=\"_blank\" class=\"btn pofo-button-3 button-style5  btn-dark-gray btn-rounded  btn-small   vc_custom_1564216101571\" >TANITIM V\u0130DEOMUZ<i class=\"fab fa-youtube icon-very-small  margin-5px-left no-margin-right\" aria-hidden=\"true\"><\/i><\/a><\/div><\/div><\/div><\/section><div class=\"vc_row-full-width vc_clearfix\"><\/div>\n","protected":false},"excerpt":{"rendered":"[vc_custom_heading text=\"D\u00fcnyan\u0131n ikinci b\u00fcy\u00fck Kur'an-\u0131 Kerim matbaas\u0131...\" font_container=\"tag:h2|text_align:center|color:%23ffffff\" use_theme_fonts=\"yes\" css_animation=\"fadeInDown\"]Hayr\u00e2t Ne\u015friyat matbaa tesisleri, Isparta\u2019da 14 bin m2\u2019lik bir alanda kuruludur. Matbaa, 40 gr. k\u00e2\u011f\u0131ttan 300 grama kadar bask\u0131 yap\u0131labilmektedir. Kaliteli ve g\u00fcvenilir bir bask\u0131 i\u00e7in gerekli b\u00fct\u00fcn donan\u0131ma sahiptir. Azami h\u00fcrmet ve hassasiyet g\u00f6sterilmekte ve gerekli tedbirler al\u0131nmaktad\u0131r. [vc_single_image image=\"21727\" img_size=\"full\"]Hayr\u00e2t Ne\u015friyat matbaa tesislerinde, d\u00fcnyan\u0131n de\u011fi\u015fik \u00fclkelerinden \u00f6zenle se\u00e7ilerek al\u0131nan birinci s\u0131n\u0131f k\u00e2\u011f\u0131tlar, 6 renkli makinelerde bas\u0131l\u0131p bak\u0131m ve k\u0131rma \u00fcnitelerine u\u011frarlar. Harman makinesinin ahenkli hareketlerinden ge\u00e7erek diki\u015f ve kurutma b\u00f6l\u00fcmlerini ziyaret ederler. Yald\u0131zdan ge\u00e7tikten sonra kendisine kuruma f\u0131rsat\u0131 tan\u0131yan orijinal bir gezintiye \u00e7\u0131karlar. Bu arada haz\u0131rlanan ve kesme, kapaklanma, yald\u0131z ve frekans makinelerinden ge\u00e7erek selefonlama ve diki\u015f i\u015flemlerini tamamlayarak son hali kazanan kapaklarla bulu\u015furlar. Ve nihayet paketleme b\u00f6l\u00fcm\u00fcne ula\u015f\u0131rlar. Hayrat Ne\u015friyat matbaas\u0131na giren ve Ahmed H\u00fcsrev hatt\u0131 ile birle\u015fen bu k\u00e2\u011f\u0131tlar, art\u0131k birer Mushaf-\u0131 \u015eerif olarak i\u015finde uzman ekiplerle bizlerin d\u00fcnyas\u0131na ta\u015f\u0131n\u0131rlar. ESER \u00c7E\u015e\u0130TLER\u0130M\u0130ZMatbaa \u00e7al\u0131\u015fanlar\u0131, Kur\u2019\u00e2n'a h\u00fcrmeti \u00f6nceleyen, karde\u015flik duygusu i\u00e7erisinde, tak\u0131m ruhunu yakalam\u0131\u015f ve i\u015finde meleke sahibi olmu\u015f bir ekipten olu\u015fmaktad\u0131r.\u00c7al\u0131\u015fma saatleri i\u00e7inde abdestli olmaya dikkat edilmektedir. Bu matbaada \u00e7al\u0131\u015fmak Kur\u2019\u00e2n'a hizmet etmenin di\u011fer ad\u0131 oldu\u011fundan Kur\u2019\u00e2n'a kar\u015f\u0131 azami h\u00fcrmet ve hassasiyet g\u00f6sterilmekte ve gerekli tedbirler al\u0131nmaktad\u0131r.TANITIM V\u0130DEOMUZ","protected":false},"author":1,"featured_media":0,"parent":0,"menu_order":0,"comment_status":"closed","ping_status":"closed","template":"","meta":{"footnotes":""},"class_list":["post-3661","page","type-page","status-publish","hentry"],"_links":{"self":[{"href":"http:\/\/hayratnesriyat.com\/index.php\/wp-json\/wp\/v2\/pages\/3661","targetHints":{"allow":["GET"]}}],"collection":[{"href":"http:\/\/hayratnesriyat.com\/index.php\/wp-json\/wp\/v2\/pages"}],"about":[{"href":"http:\/\/hayratnesriyat.com\/index.php\/wp-json\/wp\/v2\/types\/page"}],"author":[{"embeddable":true,"href":"http:\/\/hayratnesriyat.com\/index.php\/wp-json\/wp\/v2\/users\/1"}],"replies":[{"embeddable":true,"href":"http:\/\/hayratnesriyat.com\/index.php\/wp-json\/wp\/v2\/comments?post=3661"}],"version-history":[{"count":20,"href":"http:\/\/hayratnesriyat.com\/index.php\/wp-json\/wp\/v2\/pages\/3661\/revisions"}],"predecessor-version":[{"id":21729,"href":"http:\/\/hayratnesriyat.com\/index.php\/wp-json\/wp\/v2\/pages\/3661\/revisions\/21729"}],"wp:attachment":[{"href":"http:\/\/hayratnesriyat.com\/index.php\/wp-json\/wp\/v2\/media?parent=3661"}],"curies":[{"name":"wp","href":"https:\/\/api.w.org\/{rel}","templated":true}]}}