{"id":369,"date":"2017-04-03T05:42:04","date_gmt":"2017-04-03T02:42:04","guid":{"rendered":"http:\/\/wpdemos.themezaa.com\/pofo\/?page_id=369"},"modified":"2021-03-10T16:56:46","modified_gmt":"2021-03-10T13:56:46","slug":"subelerimiz","status":"publish","type":"page","link":"http:\/\/hayratnesriyat.com\/index.php\/subelerimiz\/","title":{"rendered":"\u015eubelerimiz"},"content":{"rendered":"<section data-vc-full-width=\"true\" data-vc-full-width-init=\"false\" class=\"vc_row wpb_row vc_row-fluid   wow fadeIn pofo-stretch-content pofo-stretch-row-container\"><div class=\"wpb_column vc_column_container vc_col-sm-4  col-xs-mobile-fullwidth\"><div class=\"vc_column-inner \"><div class=\"wpb_wrapper\"><div class=\"bg-white featurebox34 pofo-featurebox featurebox34-1\" ><img loading=\"lazy\" decoding=\"async\" src=\"http:\/\/hayratnesriyat.com\/wp-content\/uploads\/2019\/07\/web2-3-360x257.jpg\" width=\"360\" height=\"257\"  alt=\"\" sizes=\"auto, (max-width: 360px) 100vw, 360px\" class=\"icon-image\"\/><div class=\"padding-45px-all sm-padding-15px-all inner-match-height\"><span class=\"text-extra-dark-gray font-weight-600 display-block alt-font margin-10px-bottom\">MERKEZ \u015eUBE<\/span><div class=\"last-paragraph-no-margin\"><p>CUMHUR\u0130YET MH. \u00c2\u015eIK VEYSEL CADDES\u0130 NO:72 K\u00dc\u00c7\u00dcK\u00c7EKMECE\/\u0130STANBUL<\/p>\n<p>TEL: +90 (212) 624 24 34 D\u00c2H\u0130L\u0130:180 merkeznesriyat@hayrat.com<\/p>\n<\/div><a class=\"btn btn-small btn-rounded btn-transparent-dark-gray margin-25px-top\" target=\"_blank\" href=\"https:\/\/goo.gl\/maps\/rPxs8LHXwcXuXtgN9\">YOL TAR\u0130F\u0130<i class=\"ti-arrow-right\"><\/i><\/a><\/div><\/div><div class=\"bg-white featurebox34 pofo-featurebox featurebox34-2\" ><img loading=\"lazy\" decoding=\"async\" src=\"http:\/\/hayratnesriyat.com\/wp-content\/uploads\/2019\/07\/isparta-360x257.jpg\" width=\"360\" height=\"257\"  alt=\"\" sizes=\"auto, (max-width: 360px) 100vw, 360px\" class=\"icon-image\"\/><div class=\"padding-45px-all sm-padding-15px-all inner-match-height\"><span class=\"text-extra-dark-gray font-weight-600 display-block alt-font margin-10px-bottom\">ISPARTA \u015eUBE<\/span><div class=\"last-paragraph-no-margin\"><p>GAZ\u0130 KEMAL MAHALLES\u0130 1316 SOKAK NO:15\/2 MERKEZ \/ ISPARTA<\/p>\n<p>TEL: +90 (246) 210 2336<\/p>\n<\/div><a class=\"btn btn-small btn-rounded btn-transparent-dark-gray margin-25px-top\" target=\"_blank\" href=\"https:\/\/goo.gl\/maps\/v7Lh3AMFZeMSxKMDA\">YOL TAR\u0130F\u0130<i class=\"ti-arrow-right\"><\/i><\/a><\/div><\/div><\/div><\/div><\/div><div class=\"wpb_column vc_column_container vc_col-sm-4  col-xs-mobile-fullwidth\"><div class=\"vc_column-inner \"><div class=\"wpb_wrapper\"><div class=\"bg-white featurebox34 pofo-featurebox featurebox34-3\" ><img loading=\"lazy\" decoding=\"async\" src=\"http:\/\/hayratnesriyat.com\/wp-content\/uploads\/2019\/07\/58837c42-7484-43b0-b8c4-074a08291cec-360x257.jpg\" width=\"360\" height=\"257\"  alt=\"\" sizes=\"auto, (max-width: 360px) 100vw, 360px\" class=\"icon-image\"\/><div class=\"padding-45px-all sm-padding-15px-all inner-match-height\"><span class=\"text-extra-dark-gray font-weight-600 display-block alt-font margin-10px-bottom\">S\u0130RKEC\u0130 \u015eUBE<\/span><div class=\"last-paragraph-no-margin\"><p>ANKARA CADDES\u0130 NO:13\/D (UYGUR \u0130\u015e HANI) EM\u0130N\u00d6N\u00dc\/\u0130STANBUL<\/p>\n<p>TEL: +90 (212) 527 72 44 sirkeci@hayrat.com<\/p>\n<\/div><a class=\"btn btn-small btn-rounded btn-transparent-dark-gray margin-25px-top\" target=\"_blank\" href=\"https:\/\/goo.gl\/maps\/kPJNUTr4ScWLWY7a7\">YOL TAR\u0130F\u0130<i class=\"ti-arrow-right\"><\/i><\/a><\/div><\/div><div class=\"bg-white featurebox34 pofo-featurebox featurebox34-4\" ><img loading=\"lazy\" decoding=\"async\" src=\"http:\/\/hayratnesriyat.com\/wp-content\/uploads\/2019\/07\/WhatsApp-Image-2019-07-26-at-11.11.41-5-360x257.jpeg\" width=\"360\" height=\"257\"  alt=\"\" sizes=\"auto, (max-width: 360px) 100vw, 360px\" class=\"icon-image\"\/><div class=\"padding-45px-all sm-padding-15px-all inner-match-height\"><span class=\"text-extra-dark-gray font-weight-600 display-block alt-font margin-10px-bottom\">ANKARA \u015eUBE<\/span><div class=\"last-paragraph-no-margin\"><p>HACI BAYRAM MAHALLES\u0130 SARIBA\u011e SOKAK NO:37 ULUS\/ANKARA<\/p>\n<p>TEL: +90 (312) 309 9718 hacibayram@hayrat.com<\/p>\n<\/div><a class=\"btn btn-small btn-rounded btn-transparent-dark-gray margin-25px-top\" target=\"_blank\" href=\"https:\/\/goo.gl\/maps\/GZVVPzukePFBL3ph9\">YOL TAR\u0130F\u0130<i class=\"ti-arrow-right\"><\/i><\/a><\/div><\/div><\/div><\/div><\/div><div class=\"wpb_column vc_column_container vc_col-sm-4  col-xs-mobile-fullwidth\"><div class=\"vc_column-inner \"><div class=\"wpb_wrapper\"><div class=\"bg-white featurebox34 pofo-featurebox featurebox34-5\" ><img loading=\"lazy\" decoding=\"async\" src=\"http:\/\/hayratnesriyat.com\/wp-content\/uploads\/2019\/07\/8c895082-74b6-4e88-bb28-1e38888c8773-360x257.jpg\" width=\"360\" height=\"257\"  alt=\"\" sizes=\"auto, (max-width: 360px) 100vw, 360px\" class=\"icon-image\"\/><div class=\"padding-45px-all sm-padding-15px-all inner-match-height\"><span class=\"text-extra-dark-gray font-weight-600 display-block alt-font margin-10px-bottom\">\u00dcMRAN\u0130YE \u015eUBE<\/span><div class=\"last-paragraph-no-margin\"><p>NAMIK KEMAL MAHALLES\u0130 S\u00dcT\u00c7\u00dc \u0130MAM CADDES\u0130 NO:58\/A \u00dcMRAN\u0130YE\/\u0130STANBUL<\/p>\n<p>TEL: +90 (216) 316 6598 umraniye@hayrat.com<\/p>\n<\/div><a class=\"btn btn-small btn-rounded btn-transparent-dark-gray margin-25px-top\" target=\"_blank\" href=\"https:\/\/goo.gl\/maps\/xbvoxonUhQSHPQuU6\">YOL TAR\u0130F\u0130<i class=\"ti-arrow-right\"><\/i><\/a><\/div><\/div><\/div><\/div><\/div><\/section><div class=\"vc_row-full-width vc_clearfix\"><\/div>\n","protected":false},"excerpt":{"rendered":"MERKEZ \u015eUBECUMHUR\u0130YET MH. \u00c2\u015eIK VEYSEL CADDES\u0130 NO:72 K\u00dc\u00c7\u00dcK\u00c7EKMECE\/\u0130STANBUL TEL: +90 (212) 624 24 34 D\u00c2H\u0130L\u0130:180 merkeznesriyat@hayrat.com YOL TAR\u0130F\u0130ISPARTA \u015eUBEGAZ\u0130 KEMAL MAHALLES\u0130 1316 SOKAK NO:15\/2 MERKEZ \/ ISPARTA TEL: +90 (246) 210 2336 YOL TAR\u0130F\u0130S\u0130RKEC\u0130 \u015eUBEANKARA CADDES\u0130 NO:13\/D (UYGUR \u0130\u015e HANI) EM\u0130N\u00d6N\u00dc\/\u0130STANBUL TEL: +90 (212) 527 72 44 sirkeci@hayrat.com YOL TAR\u0130F\u0130ANKARA \u015eUBEHACI BAYRAM MAHALLES\u0130 SARIBA\u011e SOKAK NO:37 ULUS\/ANKARA TEL: +90 (312) 309 9718 hacibayram@hayrat.com YOL TAR\u0130F\u0130\u00dcMRAN\u0130YE \u015eUBENAMIK KEMAL MAHALLES\u0130 S\u00dcT\u00c7\u00dc \u0130MAM CADDES\u0130 NO:58\/A \u00dcMRAN\u0130YE\/\u0130STANBUL TEL: +90 (216) 316 6598 umraniye@hayrat.com YOL TAR\u0130F\u0130","protected":false},"author":1,"featured_media":0,"parent":0,"menu_order":0,"comment_status":"closed","ping_status":"closed","template":"","meta":{"footnotes":""},"class_list":["post-369","page","type-page","status-publish","hentry"],"_links":{"self":[{"href":"http:\/\/hayratnesriyat.com\/index.php\/wp-json\/wp\/v2\/pages\/369","targetHints":{"allow":["GET"]}}],"collection":[{"href":"http:\/\/hayratnesriyat.com\/index.php\/wp-json\/wp\/v2\/pages"}],"about":[{"href":"http:\/\/hayratnesriyat.com\/index.php\/wp-json\/wp\/v2\/types\/page"}],"author":[{"embeddable":true,"href":"http:\/\/hayratnesriyat.com\/index.php\/wp-json\/wp\/v2\/users\/1"}],"replies":[{"embeddable":true,"href":"http:\/\/hayratnesriyat.com\/index.php\/wp-json\/wp\/v2\/comments?post=369"}],"version-history":[{"count":14,"href":"http:\/\/hayratnesriyat.com\/index.php\/wp-json\/wp\/v2\/pages\/369\/revisions"}],"predecessor-version":[{"id":21420,"href":"http:\/\/hayratnesriyat.com\/index.php\/wp-json\/wp\/v2\/pages\/369\/revisions\/21420"}],"wp:attachment":[{"href":"http:\/\/hayratnesriyat.com\/index.php\/wp-json\/wp\/v2\/media?parent=369"}],"curies":[{"name":"wp","href":"https:\/\/api.w.org\/{rel}","templated":true}]}}