{"id":5387,"date":"2017-08-08T04:58:23","date_gmt":"2017-08-08T01:58:23","guid":{"rendered":"http:\/\/wpdemos.themezaa.com\/pofo\/?page_id=5387"},"modified":"2021-03-10T16:56:19","modified_gmt":"2021-03-10T13:56:19","slug":"eser-cesitlerimiz","status":"publish","type":"page","link":"http:\/\/hayratnesriyat.com\/index.php\/eser-cesitlerimiz\/","title":{"rendered":"ESER \u00c7E\u015e\u0130TLER\u0130M\u0130Z"},"content":{"rendered":"<section class=\"vc_row wpb_row vc_row-fluid  vc_custom_1563458954397 wow none vc_row-has-fill\"><div class=\"wpb_column vc_column_container vc_col-sm-4  col-xs-mobile-fullwidth\"><div class=\"vc_column-inner vc_custom_1563446910843\"><div class=\"wpb_wrapper\"><div class=\"grid-item feature-box-4 featurebox4 pofo-featurebox featurebox4-1\" ><div class=\"content\"><figure><img loading=\"lazy\" decoding=\"async\" src=\"http:\/\/hayratnesriyat.com\/wp-content\/uploads\/2019\/07\/A-Little-Girl-Reading-The-Quran1-360x257.jpg\" width=\"360\" height=\"257\"  alt=\"\" sizes=\"auto, (max-width: 360px) 100vw, 360px\" class=\"icon-image\"\/><div class=\"opacity-medium bg-extra-dark-gray\"><\/div><figcaption><span class=\"text-extra-large display-block text-white alt-font margin-25px-bottom width-60 md-width-100 sm-width-100 sm-margin-seven-bottom xs-width-100\">KUR'AN-I KER\u0130M'LER<\/span><a class=\"btn btn-very-small btn-white font-weight-300\" target=\"_blank\" href=\"https:\/\/www.hayrat.com.tr\/kategori\/kur-an-i-kerimler.aspx\">MA\u011eAZADA \u0130NCELE<\/a><\/figcaption><\/figure><\/div><\/div><div class=\"grid-item feature-box-4 featurebox4 pofo-featurebox featurebox4-2\" ><div class=\"content\"><figure><img loading=\"lazy\" decoding=\"async\" src=\"http:\/\/hayratnesriyat.com\/wp-content\/uploads\/2019\/07\/1--360x257.jpg\" width=\"360\" height=\"257\"  alt=\"\" sizes=\"auto, (max-width: 360px) 100vw, 360px\" class=\"icon-image\"\/><div class=\"opacity-medium bg-extra-dark-gray\"><\/div><figcaption><span class=\"text-extra-large display-block text-white alt-font margin-25px-bottom width-60 md-width-100 sm-width-100 sm-margin-seven-bottom xs-width-100\">HED\u0130YEL\u0130KLER<\/span><a class=\"btn btn-very-small btn-white font-weight-300\" target=\"_blank\" href=\"https:\/\/www.hayrat.com.tr\/kategori\/hediyelikler.aspx\">MA\u011eAZADA \u0130NCELE<\/a><\/figcaption><\/figure><\/div><\/div><div class=\"grid-item feature-box-4 featurebox4 pofo-featurebox featurebox4-3\" ><div class=\"content\"><figure><img loading=\"lazy\" decoding=\"async\" src=\"http:\/\/hayratnesriyat.com\/wp-content\/uploads\/2019\/07\/IMG_0011a-360x257.jpg\" width=\"360\" height=\"257\"  alt=\"\" sizes=\"auto, (max-width: 360px) 100vw, 360px\" class=\"icon-image\"\/><div class=\"opacity-medium bg-extra-dark-gray\"><\/div><figcaption><span class=\"text-extra-large display-block text-white alt-font margin-25px-bottom width-60 md-width-100 sm-width-100 sm-margin-seven-bottom xs-width-100\">SESL\u0130, G\u00d6R\u00dcNT\u00dcL\u00dc, D\u0130J\u0130TAL<\/span><a class=\"btn btn-very-small btn-white font-weight-300\" target=\"_blank\" href=\"https:\/\/www.hayrat.com.tr\/kategori\/sesli--goruntulu--dijital.aspx\">MA\u011eAZADA \u0130NCELE<\/a><\/figcaption><\/figure><\/div><\/div><div class=\"grid-item feature-box-4 featurebox4 pofo-featurebox featurebox4-4\" ><div class=\"content\"><figure><img loading=\"lazy\" decoding=\"async\" src=\"http:\/\/hayratnesriyat.com\/wp-content\/uploads\/2019\/07\/DSC_3807-360x257.jpg\" width=\"360\" height=\"257\"  alt=\"\" sizes=\"auto, (max-width: 360px) 100vw, 360px\" class=\"icon-image\"\/><div class=\"opacity-medium bg-extra-dark-gray\"><\/div><figcaption><span class=\"text-extra-large display-block text-white alt-font margin-25px-bottom width-60 md-width-100 sm-width-100 sm-margin-seven-bottom xs-width-100\">NAMAZ K\u0130TAPLARI<\/span><a class=\"btn btn-very-small btn-white font-weight-300\" target=\"_blank\" href=\"https:\/\/www.hayrat.com.tr\/kategori\/namaz-kitaplari.aspx\">MA\u011eAZADA \u0130NCELE<\/a><\/figcaption><\/figure><\/div><\/div><div class=\"grid-item feature-box-4 featurebox4 pofo-featurebox featurebox4-5\" ><div class=\"content\"><figure><img loading=\"lazy\" decoding=\"async\" src=\"http:\/\/hayratnesriyat.com\/wp-content\/uploads\/2019\/07\/WEB1-6-360x257.jpg\" width=\"360\" height=\"257\"  alt=\"\" sizes=\"auto, (max-width: 360px) 100vw, 360px\" class=\"icon-image\"\/><div class=\"opacity-medium bg-extra-dark-gray\"><\/div><figcaption><span class=\"text-extra-large display-block text-white alt-font margin-25px-bottom width-60 md-width-100 sm-width-100 sm-margin-seven-bottom xs-width-100\">K\u0130TAPLAR<\/span><a class=\"btn btn-very-small btn-white font-weight-300\" target=\"_blank\" href=\"https:\/\/www.hayrat.com.tr\/kategori\/kitaplar.aspx\">MA\u011eAZADA \u0130NCELE<\/a><\/figcaption><\/figure><\/div><\/div><\/div><\/div><\/div><div class=\"wpb_column vc_column_container vc_col-sm-4  col-xs-mobile-fullwidth\"><div class=\"vc_column-inner vc_custom_1563446939503\"><div class=\"wpb_wrapper\"><div class=\"grid-item feature-box-4 featurebox4 pofo-featurebox featurebox4-6\" ><div class=\"content\"><figure><img loading=\"lazy\" decoding=\"async\" src=\"http:\/\/hayratnesriyat.com\/wp-content\/uploads\/2019\/07\/WEB1-2-360x257.jpg\" width=\"360\" height=\"257\"  alt=\"\" sizes=\"auto, (max-width: 360px) 100vw, 360px\" class=\"icon-image\"\/><div class=\"opacity-medium bg-extra-dark-gray\"><\/div><figcaption><span class=\"text-extra-large display-block text-white alt-font margin-25px-bottom width-60 md-width-100 sm-width-100 sm-margin-seven-bottom xs-width-100\">MEALL\u0130 KUR'AN-I KER\u0130M'LER<\/span><a class=\"btn btn-very-small btn-white font-weight-300\" target=\"_blank\" href=\"https:\/\/www.hayrat.com.tr\/kategori\/mealli-kur-an-i-kerimler.aspx\">MA\u011eAZADA \u0130NCELE<\/a><\/figcaption><\/figure><\/div><\/div><div class=\"grid-item feature-box-4 featurebox4 pofo-featurebox featurebox4-7\" ><div class=\"content\"><figure><img loading=\"lazy\" decoding=\"async\" src=\"http:\/\/hayratnesriyat.com\/wp-content\/uploads\/2019\/07\/DSC_7014a-360x257.jpg\" width=\"360\" height=\"257\"  alt=\"\" sizes=\"auto, (max-width: 360px) 100vw, 360px\" class=\"icon-image\"\/><div class=\"opacity-medium bg-extra-dark-gray\"><\/div><figcaption><span class=\"text-extra-large display-block text-white alt-font margin-25px-bottom width-60 md-width-100 sm-width-100 sm-margin-seven-bottom xs-width-100\">OSMANLICA YAYINLAR<\/span><a class=\"btn btn-very-small btn-white font-weight-300\" target=\"_blank\" href=\"https:\/\/www.hayrat.com.tr\/kategori\/osmanlica-yayinlar.aspx\">MA\u011eAZADA \u0130NCELE<\/a><\/figcaption><\/figure><\/div><\/div><div class=\"grid-item feature-box-4 featurebox4 pofo-featurebox featurebox4-8\" ><div class=\"content\"><figure><img loading=\"lazy\" decoding=\"async\" src=\"http:\/\/hayratnesriyat.com\/wp-content\/uploads\/2019\/07\/IMG_4641-360x257.jpg\" width=\"360\" height=\"257\"  alt=\"\" sizes=\"auto, (max-width: 360px) 100vw, 360px\" class=\"icon-image\"\/><div class=\"opacity-medium bg-extra-dark-gray\"><\/div><figcaption><span class=\"text-extra-large display-block text-white alt-font margin-25px-bottom width-60 md-width-100 sm-width-100 sm-margin-seven-bottom xs-width-100\">\u00c7OCUK YAYINLARI<\/span><a class=\"btn btn-very-small btn-white font-weight-300\" target=\"_blank\" href=\"https:\/\/www.hayrat.com.tr\/kategori\/cocuk-yayinlari.aspx\">MA\u011eAZADA \u0130NCELE<\/a><\/figcaption><\/figure><\/div><\/div><div class=\"grid-item feature-box-4 featurebox4 pofo-featurebox featurebox4-9\" ><div class=\"content\"><figure><img loading=\"lazy\" decoding=\"async\" src=\"http:\/\/hayratnesriyat.com\/wp-content\/uploads\/2019\/07\/IMG_2418_A-360x257.jpg\" width=\"360\" height=\"257\"  alt=\"\" sizes=\"auto, (max-width: 360px) 100vw, 360px\" class=\"icon-image\"\/><div class=\"opacity-medium bg-extra-dark-gray\"><\/div><figcaption><span class=\"text-extra-large display-block text-white alt-font margin-25px-bottom width-60 md-width-100 sm-width-100 sm-margin-seven-bottom xs-width-100\">CEV\u015eENLER<\/span><a class=\"btn btn-very-small btn-white font-weight-300\" target=\"_blank\" href=\"https:\/\/www.hayrat.com.tr\/kategori\/cevsenler.aspx\">MA\u011eAZADA \u0130NCELE<\/a><\/figcaption><\/figure><\/div><\/div><div class=\"grid-item feature-box-4 featurebox4 pofo-featurebox featurebox4-10\" ><div class=\"content\"><figure><img loading=\"lazy\" decoding=\"async\" src=\"http:\/\/hayratnesriyat.com\/wp-content\/uploads\/2019\/07\/magnet-mescit-i-nebevi-360x257.jpg\" width=\"360\" height=\"257\"  alt=\"\" sizes=\"auto, (max-width: 360px) 100vw, 360px\" class=\"icon-image\"\/><div class=\"opacity-medium bg-extra-dark-gray\"><\/div><figcaption><span class=\"text-extra-large display-block text-white alt-font margin-25px-bottom width-60 md-width-100 sm-width-100 sm-margin-seven-bottom xs-width-100\">MAGNETLER<\/span><a class=\"btn btn-very-small btn-white font-weight-300\" target=\"_blank\" href=\"https:\/\/www.hayrat.com.tr\/kategori\/magnetler.aspx\">MA\u011eAZADA \u0130NCELE<\/a><\/figcaption><\/figure><\/div><\/div><\/div><\/div><\/div><div class=\"wpb_column vc_column_container vc_col-sm-4  col-xs-mobile-fullwidth\"><div class=\"vc_column-inner vc_custom_1563446951327\"><div class=\"wpb_wrapper\"><div class=\"grid-item feature-box-4 featurebox4 pofo-featurebox featurebox4-11\" ><div class=\"content\"><figure><img loading=\"lazy\" decoding=\"async\" src=\"http:\/\/hayratnesriyat.com\/wp-content\/uploads\/2019\/07\/web1-4-360x257.jpg\" width=\"360\" height=\"257\"  alt=\"\" sizes=\"auto, (max-width: 360px) 100vw, 360px\" class=\"icon-image\"\/><div class=\"opacity-medium bg-extra-dark-gray\"><\/div><figcaption><span class=\"text-extra-large display-block text-white alt-font margin-25px-bottom width-60 md-width-100 sm-width-100 sm-margin-seven-bottom xs-width-100\">YAS\u0130N VE AMME C\u00dcZLER\u0130<\/span><a class=\"btn btn-very-small btn-white font-weight-300\" target=\"_blank\" href=\"https:\/\/www.hayrat.com.tr\/kategori\/yasin---amme-cuzleri.aspx\">MA\u011eAZADA \u0130NCELE<\/a><\/figcaption><\/figure><\/div><\/div><div class=\"grid-item feature-box-4 featurebox4 pofo-featurebox featurebox4-12\" ><div class=\"content\"><figure><img loading=\"lazy\" decoding=\"async\" src=\"http:\/\/hayratnesriyat.com\/wp-content\/uploads\/2019\/07\/IMG_4640a-360x257.jpg\" width=\"360\" height=\"257\"  alt=\"\" sizes=\"auto, (max-width: 360px) 100vw, 360px\" class=\"icon-image\"\/><div class=\"opacity-medium bg-extra-dark-gray\"><\/div><figcaption><span class=\"text-extra-large display-block text-white alt-font margin-25px-bottom width-60 md-width-100 sm-width-100 sm-margin-seven-bottom xs-width-100\">R\u0130SALE-\u0130 NUR ESERLER\u0130<\/span><a class=\"btn btn-very-small btn-white font-weight-300\" target=\"_blank\" href=\"https:\/\/www.hayrat.com.tr\/kategori\/risale-i-nur.aspx\">MA\u011eAZADA \u0130NCELE<\/a><\/figcaption><\/figure><\/div><\/div><div class=\"grid-item feature-box-4 featurebox4 pofo-featurebox featurebox4-13\" ><div class=\"content\"><figure><img loading=\"lazy\" decoding=\"async\" src=\"http:\/\/hayratnesriyat.com\/wp-content\/uploads\/2019\/07\/IMG_4502a-360x257.jpg\" width=\"360\" height=\"257\"  alt=\"\" sizes=\"auto, (max-width: 360px) 100vw, 360px\" class=\"icon-image\"\/><div class=\"opacity-medium bg-extra-dark-gray\"><\/div><figcaption><span class=\"text-extra-large display-block text-white alt-font margin-25px-bottom width-60 md-width-100 sm-width-100 sm-margin-seven-bottom xs-width-100\">EL\u0130F-B\u00c2 C\u00dcZLER\u0130<\/span><a class=\"btn btn-very-small btn-white font-weight-300\" target=\"_blank\" href=\"https:\/\/www.hayrat.com.tr\/kategori\/elifba-cuzleri.aspx\">MA\u011eAZADA \u0130NCELE<\/a><\/figcaption><\/figure><\/div><\/div><div class=\"grid-item feature-box-4 featurebox4 pofo-featurebox featurebox4-14\" ><div class=\"content\"><figure><img loading=\"lazy\" decoding=\"async\" src=\"http:\/\/hayratnesriyat.com\/wp-content\/uploads\/2019\/07\/WEB1-5-360x257.jpg\" width=\"360\" height=\"257\"  alt=\"\" sizes=\"auto, (max-width: 360px) 100vw, 360px\" class=\"icon-image\"\/><div class=\"opacity-medium bg-extra-dark-gray\"><\/div><figcaption><span class=\"text-extra-large display-block text-white alt-font margin-25px-bottom width-60 md-width-100 sm-width-100 sm-margin-seven-bottom xs-width-100\">DUA, Z\u0130K\u0130R, HAC-UMRE<\/span><a class=\"btn btn-very-small btn-white font-weight-300\" target=\"_blank\" href=\"https:\/\/www.hayrat.com.tr\/kategori\/dua---zikir---hac-ve-umre.aspx\">MA\u011eAZADA \u0130NCELE<\/a><\/figcaption><\/figure><\/div><\/div><div class=\"grid-item feature-box-4 featurebox4 pofo-featurebox featurebox4-15\" ><div class=\"content\"><figure><img loading=\"lazy\" decoding=\"async\" src=\"http:\/\/hayratnesriyat.com\/wp-content\/uploads\/2019\/07\/WEB2-1-360x257.jpg\" width=\"360\" height=\"257\"  alt=\"\" sizes=\"auto, (max-width: 360px) 100vw, 360px\" class=\"icon-image\"\/><div class=\"opacity-medium bg-extra-dark-gray\"><\/div><figcaption><span class=\"text-extra-large display-block text-white alt-font margin-25px-bottom width-60 md-width-100 sm-width-100 sm-margin-seven-bottom xs-width-100\">\u0130SLAM\u0130 MALZEMELER<\/span><a class=\"btn btn-very-small btn-white font-weight-300\" target=\"_blank\" href=\"https:\/\/www.hayrat.com.tr\/kategori\/islami-malzemeler.aspx\">MA\u011eAZADA \u0130NCELE<\/a><\/figcaption><\/figure><\/div><\/div><\/div><\/div><\/div><\/section><section data-vc-full-width=\"true\" data-vc-full-width-init=\"false\" class=\"vc_row wpb_row vc_row-fluid  vc_custom_1563458574883 cover-background vc_row-has-fill pofo-stretch-content pofo-stretch-row-container\"><div class=\"wpb_column vc_column_container vc_col-sm-3  col-xs-mobile-fullwidth\"><div class=\"vc_column-inner \"><div class=\"wpb_wrapper\"><div class=\"text-medium-gray text-small margin-5px-bottom alt-font heading-style4  heading-1\"  style=\"font-size: 25px; line-height: 30px; font-weight: 800; color: #000000;\" data-fontsize=\"25px\" data-lineheight=\"30px\">B\u00fct\u00fcn<br \/>\nKur'an-\u0131 Kerim<br \/>\nihtiya\u00e7lar\u0131n\u0131z i\u00e7in<\/div><div class=\"text-medium-gray text-small margin-5px-bottom alt-font heading-style4  vc_custom_1563459987862  heading-2\"  style=\"font-size: 35px; line-height: 40px; font-weight: 800; color: #000000;\" data-fontsize=\"35px\" data-lineheight=\"40px\"><a class=\"text-medium-gray heading-title-link\"  target=\"_blank\" href=\"http:\/\/www.hayrat.com.tr\">hayrat.com.tr<\/a><\/div><\/div><\/div><\/div><div class=\"wpb_column vc_column_container vc_col-sm-9  col-xs-mobile-fullwidth\"><div class=\"vc_column-inner \"><div class=\"wpb_wrapper\">[vc_single_image image=&#8221;21090&#8243; img_size=&#8221;full&#8221; onclick=&#8221;custom_link&#8221; img_link_target=&#8221;_blank&#8221; link=&#8221;http:\/\/www.hayrat.com.tr&#8221;]<\/div><\/div><\/div><\/section><div class=\"vc_row-full-width vc_clearfix\"><\/div>\n","protected":false},"excerpt":{"rendered":"KUR'AN-I KER\u0130M'LERMA\u011eAZADA \u0130NCELEHED\u0130YEL\u0130KLERMA\u011eAZADA \u0130NCELESESL\u0130, G\u00d6R\u00dcNT\u00dcL\u00dc, D\u0130J\u0130TALMA\u011eAZADA \u0130NCELENAMAZ K\u0130TAPLARIMA\u011eAZADA \u0130NCELEK\u0130TAPLARMA\u011eAZADA \u0130NCELEMEALL\u0130 KUR'AN-I KER\u0130M'LERMA\u011eAZADA \u0130NCELEOSMANLICA YAYINLARMA\u011eAZADA \u0130NCELE\u00c7OCUK YAYINLARIMA\u011eAZADA \u0130NCELECEV\u015eENLERMA\u011eAZADA \u0130NCELEMAGNETLERMA\u011eAZADA \u0130NCELEYAS\u0130N VE AMME C\u00dcZLER\u0130MA\u011eAZADA \u0130NCELER\u0130SALE-\u0130 NUR ESERLER\u0130MA\u011eAZADA \u0130NCELEEL\u0130F-B\u00c2 C\u00dcZLER\u0130MA\u011eAZADA \u0130NCELEDUA, Z\u0130K\u0130R, HAC-UMREMA\u011eAZADA \u0130NCELE\u0130SLAM\u0130 MALZEMELERMA\u011eAZADA \u0130NCELEB\u00fct\u00fcn Kur'an-\u0131 Kerim ihtiya\u00e7lar\u0131n\u0131z i\u00e7inhayrat.com.tr[vc_single_image image=\"21090\" img_size=\"full\" onclick=\"custom_link\" img_link_target=\"_blank\" link=\"http:\/\/www.hayrat.com.tr\"]","protected":false},"author":1,"featured_media":0,"parent":0,"menu_order":0,"comment_status":"closed","ping_status":"closed","template":"","meta":{"footnotes":""},"class_list":["post-5387","page","type-page","status-publish","hentry"],"_links":{"self":[{"href":"http:\/\/hayratnesriyat.com\/index.php\/wp-json\/wp\/v2\/pages\/5387","targetHints":{"allow":["GET"]}}],"collection":[{"href":"http:\/\/hayratnesriyat.com\/index.php\/wp-json\/wp\/v2\/pages"}],"about":[{"href":"http:\/\/hayratnesriyat.com\/index.php\/wp-json\/wp\/v2\/types\/page"}],"author":[{"embeddable":true,"href":"http:\/\/hayratnesriyat.com\/index.php\/wp-json\/wp\/v2\/users\/1"}],"replies":[{"embeddable":true,"href":"http:\/\/hayratnesriyat.com\/index.php\/wp-json\/wp\/v2\/comments?post=5387"}],"version-history":[{"count":34,"href":"http:\/\/hayratnesriyat.com\/index.php\/wp-json\/wp\/v2\/pages\/5387\/revisions"}],"predecessor-version":[{"id":21408,"href":"http:\/\/hayratnesriyat.com\/index.php\/wp-json\/wp\/v2\/pages\/5387\/revisions\/21408"}],"wp:attachment":[{"href":"http:\/\/hayratnesriyat.com\/index.php\/wp-json\/wp\/v2\/media?parent=5387"}],"curies":[{"name":"wp","href":"https:\/\/api.w.org\/{rel}","templated":true}]}}