{"id":5453,"date":"2017-08-08T08:50:55","date_gmt":"2017-08-08T05:50:55","guid":{"rendered":"http:\/\/wpdemos.themezaa.com\/pofo\/?page_id=5453"},"modified":"2021-03-10T17:11:00","modified_gmt":"2021-03-10T14:11:00","slug":"videolar","status":"publish","type":"page","link":"http:\/\/hayratnesriyat.com\/index.php\/videolar\/","title":{"rendered":"V\u0130DEOLAR"},"content":{"rendered":"<section class=\"vc_row wpb_row vc_row-fluid\"><div class=\"wpb_column vc_column_container vc_col-sm-12  col-xs-mobile-fullwidth\"><div class=\"vc_column-inner \"><div class=\"wpb_wrapper\">[vc_raw_html css=&#8221;.vc_custom_1563961308641{margin-top: 2% !important;margin-right: 2% !important;margin-bottom: 2% !important;margin-left: 2% !important;padding-top: 2% !important;padding-right: 2% !important;padding-bottom: 2% !important;padding-left: 2% !important;background-image: url(http:\/\/hayratnesriyat.com\/2019\/wp-content\/uploads\/2019\/07\/04a.jpg?id=21225) !important;background-position: center !important;background-repeat: no-repeat !important;background-size: cover !important;border-radius: 5px !important;}&#8221;]JTNDY2VudGVyJTNFJTBBJTNDZm9udCUyMGNvbG9yJTNEd2hpdGUlM0UlM0NwJTNFJTIwWW91dHViZSUyMGthbmFsJUM0JUIxbSVDNCVCMXphJTIwJUM1JTlGaW1kaSUyMGJ1cmFkYW4lMjBhYm9uZSUyMG9sYWJpbGlyc2luaXolM0ElM0MlMkZwJTNFJTNDJTJGZm9udCUzRSUwQSUwQSUzQ3NjcmlwdCUyMHNyYyUzRCUyMmh0dHBzJTNBJTJGJTJGYXBpcy5nb29nbGUuY29tJTJGanMlMkZwbGF0Zm9ybS5qcyUyMiUzRSUzQyUyRnNjcmlwdCUzRSUwQSUwQSUzQ2RpdiUyMGNsYXNzJTNEJTIyZy15dHN1YnNjcmliZSUyMiUyMGRhdGEtY2hhbm5lbCUzRCUyMmhheXJhdG5lc3JpeWF0JTIyJTIwZGF0YS1sYXlvdXQlM0QlMjJmdWxsJTIyJTIwZGF0YS1jb3VudCUzRCUyMmRlZmF1bHQlMjIlM0UlM0MlMkZkaXYlM0UlM0MlMkZjZW50ZXIlM0U=[\/vc_raw_html]<span class=\"text-extra-dark-gray margin-20px-bottom font-weight-600 display-inline-block alt-font heading-style2  heading-1\"  style=\"font-size: 25px;\" data-fontsize=\"25px\">Kur'an-\u0131 Kerim Videolar\u0131<\/span><div class=\"vc_row wpb_row vc_inner vc_row-fluid\"><div class=\"wpb_column vc_column_container vc_col-sm-4  col-xs-mobile-fullwidth\"><div class=\"vc_column-inner \"><div class=\"wpb_wrapper\"><div class=\"bg-white featurebox34 pofo-featurebox featurebox34-1\" ><img loading=\"lazy\" decoding=\"async\" src=\"http:\/\/hayratnesriyat.com\/wp-content\/uploads\/2019\/07\/Screenshot_5.jpg\" width=\"1456\" height=\"860\"  alt=\"\" srcset=\"http:\/\/hayratnesriyat.com\/wp-content\/uploads\/2019\/07\/Screenshot_5.jpg 1456w, http:\/\/hayratnesriyat.com\/wp-content\/uploads\/2019\/07\/Screenshot_5-300x177.jpg 300w, http:\/\/hayratnesriyat.com\/wp-content\/uploads\/2019\/07\/Screenshot_5-768x454.jpg 768w, http:\/\/hayratnesriyat.com\/wp-content\/uploads\/2019\/07\/Screenshot_5-1024x605.jpg 1024w, http:\/\/hayratnesriyat.com\/wp-content\/uploads\/2019\/07\/Screenshot_5-1200x709.jpg 1200w, http:\/\/hayratnesriyat.com\/wp-content\/uploads\/2019\/07\/Screenshot_5-81x48.jpg 81w\" sizes=\"auto, (max-width: 1456px) 100vw, 1456px\" class=\"icon-image\"\/><div class=\"padding-45px-all sm-padding-15px-all inner-match-height\"><span class=\"text-extra-dark-gray font-weight-600 display-block alt-font margin-10px-bottom\">T\u00fcrk\u00e7e Meal (Yeni 1080p Videolar)<\/span><div class=\"last-paragraph-no-margin\"><p>T\u00fcrk\u00e7e mealli, kaliteli \u015fekilde haz\u0131rlanan, takipli yeni Kur&#8217;an-\u0131 Kerim videolar\u0131m\u0131z<\/p>\n<\/div><a class=\"btn btn-small btn-rounded btn-transparent-dark-gray margin-25px-top\" target=\"_blank\" href=\"https:\/\/www.youtube.com\/playlist?list=PLVfxeZ0ETNT-78RT79rpkphZKaPBd2BAs\">YOUTUBE'DA \u0130ZLE<i class=\"ti-arrow-right\"><\/i><\/a><\/div><\/div><\/div><\/div><\/div><div class=\"wpb_column vc_column_container vc_col-sm-4  col-xs-mobile-fullwidth\"><div class=\"vc_column-inner \"><div class=\"wpb_wrapper\"><div class=\"bg-white featurebox34 pofo-featurebox featurebox34-2\" ><img loading=\"lazy\" decoding=\"async\" src=\"http:\/\/hayratnesriyat.com\/wp-content\/uploads\/2019\/07\/Screenshot_6.jpg\" width=\"1456\" height=\"860\"  alt=\"\" srcset=\"http:\/\/hayratnesriyat.com\/wp-content\/uploads\/2019\/07\/Screenshot_6.jpg 1456w, http:\/\/hayratnesriyat.com\/wp-content\/uploads\/2019\/07\/Screenshot_6-300x177.jpg 300w, http:\/\/hayratnesriyat.com\/wp-content\/uploads\/2019\/07\/Screenshot_6-768x454.jpg 768w, http:\/\/hayratnesriyat.com\/wp-content\/uploads\/2019\/07\/Screenshot_6-1024x605.jpg 1024w, http:\/\/hayratnesriyat.com\/wp-content\/uploads\/2019\/07\/Screenshot_6-1200x709.jpg 1200w, http:\/\/hayratnesriyat.com\/wp-content\/uploads\/2019\/07\/Screenshot_6-81x48.jpg 81w\" sizes=\"auto, (max-width: 1456px) 100vw, 1456px\" class=\"icon-image\"\/><div class=\"padding-45px-all sm-padding-15px-all inner-match-height\"><span class=\"text-extra-dark-gray font-weight-600 display-block alt-font margin-10px-bottom\">K\u00fcrt\u00e7e Meal (Yeni 1080p Videolar)<\/span><div class=\"last-paragraph-no-margin\"><p>K\u00fcrt\u00e7e mealli, kaliteli \u015fekilde haz\u0131rlanan, takipli yeni Kur&#8217;an-\u0131 Kerim videolar\u0131m\u0131z<\/p>\n<\/div><a class=\"btn btn-small btn-rounded btn-transparent-dark-gray margin-25px-top\" target=\"_blank\" href=\"https:\/\/www.youtube.com\/playlist?list=PLVfxeZ0ETNT8QBpTZKK0_VxWBh10GXD4F\">YOUTUBE'DA \u0130ZLE<i class=\"ti-arrow-right\"><\/i><\/a><\/div><\/div><\/div><\/div><\/div><div class=\"wpb_column vc_column_container vc_col-sm-4  col-xs-mobile-fullwidth\"><div class=\"vc_column-inner \"><div class=\"wpb_wrapper\"><div class=\"bg-white featurebox34 pofo-featurebox featurebox34-3\" ><img loading=\"lazy\" decoding=\"async\" src=\"http:\/\/hayratnesriyat.com\/wp-content\/uploads\/2019\/07\/Screenshot_4.jpg\" width=\"1456\" height=\"860\"  alt=\"\" srcset=\"http:\/\/hayratnesriyat.com\/wp-content\/uploads\/2019\/07\/Screenshot_4.jpg 1456w, http:\/\/hayratnesriyat.com\/wp-content\/uploads\/2019\/07\/Screenshot_4-300x177.jpg 300w, http:\/\/hayratnesriyat.com\/wp-content\/uploads\/2019\/07\/Screenshot_4-768x454.jpg 768w, http:\/\/hayratnesriyat.com\/wp-content\/uploads\/2019\/07\/Screenshot_4-1024x605.jpg 1024w, http:\/\/hayratnesriyat.com\/wp-content\/uploads\/2019\/07\/Screenshot_4-1200x709.jpg 1200w, http:\/\/hayratnesriyat.com\/wp-content\/uploads\/2019\/07\/Screenshot_4-81x48.jpg 81w\" sizes=\"auto, (max-width: 1456px) 100vw, 1456px\" class=\"icon-image\"\/><div class=\"padding-45px-all sm-padding-15px-all inner-match-height\"><span class=\"text-extra-dark-gray font-weight-600 display-block alt-font margin-10px-bottom\">Kur'an-\u0131 Kerim C\u00fczleri (Eski Videolar)<\/span><div class=\"last-paragraph-no-margin\"><p>Daha \u00f6nceki y\u0131llarda haz\u0131rlanan Kur&#8217;an-\u0131 Kerim videolar\u0131m\u0131z.<\/p>\n<\/div><a class=\"btn btn-small btn-rounded btn-transparent-dark-gray margin-25px-top\" target=\"_blank\" href=\"#\">YOUTUBE'DA \u0130ZLE<i class=\"ti-arrow-right\"><\/i><\/a><\/div><\/div><\/div><\/div><\/div><\/div><\/div><\/div><\/div><\/section><section data-vc-full-width=\"true\" data-vc-full-width-init=\"false\" class=\"vc_row wpb_row vc_row-fluid  vc_custom_1615385251180 cover-background bg-position-center-center vc_row-has-fill pofo-stretch-content pofo-stretch-row-container\"><div class=\"bg-extra-dark-gray bg-overlay\" style=\"opacity:0.7; \"><\/div><div class=\"wpb_column vc_column_container vc_col-sm-6 vc_col-md-6 col-xs-mobile-fullwidth sm-text-center pofo-column-responsive-69e38b3c1156d\"><div class=\"vc_column-inner vc_custom_1509453984532\"><div class=\"wpb_wrapper\"><h5 class=\"text-extra-dark-gray margin-20px-bottom font-weight-600 display-inline-block alt-font heading-style2  vc_custom_1563956490064 pofo-button-responsive-69e38b3c11606  heading-2\"  style=\"font-weight: 500; color: #ffffff;\">Hayrat Ne\u015friyat Tan\u0131t\u0131m Videosu<\/h5><div class=\"last-paragraph-no-margin pofo-text-block-responsive-69e38b3c11626\" style=\"width: 85%;\"><p>Bu videoda Hayrat Ne\u015friyat&#8217;\u0131n kurulu\u015funu, Tev\u00e2fuklu Kur&#8217;an-\u0131 Kerim&#8217;in yaz\u0131l\u0131\u015f\u0131n\u0131 ve Kur&#8217;an hizmetinin g\u00fcn\u00fcm\u00fcze kadarki ser\u00fcvenin izleyebilirsiniz.<\/p>\n<\/div><a  href=\"https:\/\/www.youtube.com\/watch?v=nkGLIf9ZMn4\" target=\"_blank\" class=\"btn pofo-button-1  wow fadeInLeft button-style2  btn-white  btn-small   vc_custom_1563961815126 pofo-button-responsive-69e38b3c11689\" ><i class=\"fab fa-youtube   margin-5px-right no-margin-left\" aria-hidden=\"true\"><\/i>YOUTUBE'DA \u0130ZLE<\/a>[vc_raw_html css=&#8221;.vc_custom_1563961337186{margin-top: 2% !important;margin-right: 2% !important;margin-bottom: 2% !important;margin-left: 2% !important;padding-top: 2% !important;padding-right: 2% !important;padding-bottom: 2% !important;padding-left: 2% !important;background-image: url(http:\/\/hayratnesriyat.com\/2019\/wp-content\/uploads\/2019\/07\/04a.jpg?id=21225) !important;background-position: center !important;background-repeat: no-repeat !important;background-size: cover !important;border-radius: 5px !important;}&#8221;]JTNDY2VudGVyJTNFJTBBJTNDZm9udCUyMGNvbG9yJTNEd2hpdGUlM0UlM0NwJTNFJTIwWW91dHViZSUyMGthbmFsJUM0JUIxbSVDNCVCMXphJTIwJUM1JTlGaW1kaSUyMGJ1cmFkYW4lMjBhYm9uZSUyMG9sYWJpbGlyc2luaXolM0ElM0MlMkZwJTNFJTNDJTJGZm9udCUzRSUwQSUwQSUzQ3NjcmlwdCUyMHNyYyUzRCUyMmh0dHBzJTNBJTJGJTJGYXBpcy5nb29nbGUuY29tJTJGanMlMkZwbGF0Zm9ybS5qcyUyMiUzRSUzQyUyRnNjcmlwdCUzRSUwQSUwQSUzQ2RpdiUyMGNsYXNzJTNEJTIyZy15dHN1YnNjcmliZSUyMiUyMGRhdGEtY2hhbm5lbCUzRCUyMmhheXJhdG5lc3JpeWF0JTIyJTIwZGF0YS1sYXlvdXQlM0QlMjJmdWxsJTIyJTIwZGF0YS1jb3VudCUzRCUyMmRlZmF1bHQlMjIlM0UlM0MlMkZkaXYlM0UlM0MlMkZjZW50ZXIlM0U=[\/vc_raw_html]<\/div><\/div><\/div><div class=\"wpb_column vc_column_container vc_col-sm-6  col-xs-mobile-fullwidth\"><div class=\"vc_column-inner \"><div class=\"wpb_wrapper\"><a class=\"absolute-middle-center youtube-video-1  popup-youtube pofo-button-3\" href=\"https:\/\/www.youtube.com\/watch?v=nkGLIf9ZMn4\"><img decoding=\"async\" src=\"http:\/\/hayratnesriyat.com\/wp-content\/uploads\/2017\/05\/icon-play.png\" alt=\"\" class=\"icon-image\" \/><\/a>[vc_single_image image=&#8221;20852&#8243; img_size=&#8221;full&#8221;]<\/div><\/div><\/div><\/section><div class=\"vc_row-full-width vc_clearfix\"><\/div><section class=\"vc_row wpb_row vc_row-fluid  vc_custom_1615385307527 vc_row-has-fill\"><div class=\"bg-extra-dark-gray bg-overlay\" style=\"opacity:0.7; \"><\/div><div class=\"wpb_column vc_column_container vc_col-sm-12  col-xs-mobile-fullwidth\"><div class=\"vc_column-inner \"><div class=\"wpb_wrapper\"><div class=\"padding-80px-all md-padding-ten-all xs-padding-30px-all wow fadeInUp block-2 cover-background  vc_custom_1615385399641 block2-1\"><h1 class=\"alt-font text-extra-dark-gray font-weight-700 letter-spacing-minus-2 title-large\" style=\"color: #ffffff;\">TEV\u00c2FUK \u00d6RNEKLER\u0130<\/h1><div class=\"separator-line-horrizontal-full width-90 margin-35px-tb bg-extra-dark-gray xs-margin-20px-tb sm-width-100\" style=\"background-color:#ffffff; \"><\/div><div class=\"text-dark-gray text-extra-large font-weight-300 margin-35px-bottom display-block xs-margin-five-bottom last-paragraph-no-margin\"><h6><span style=\"color: #ffffff;\"><strong>Kur&#8217;an-\u0131 Kerim&#8217;deki bir \u00e7ok farkl\u0131 \u015fekilde mevcut bulunan tev\u00e2fuklardan \u00f6rnekleri, 3 boyutlu animasyon \u015feklinde izleyebilirsiniz.<\/strong><\/span><\/h6>\n<\/div><a href=\"https:\/\/www.youtube.com\/playlist?list=PL2C3A6B10DB1B40CA\" target=\"_blank\" class=\"btn btn-dark-gray btn-medium\">YOUTUBE'DA \u0130ZLE<\/a><\/div>[vc_raw_html css=&#8221;.vc_custom_1563961349980{margin-top: 2% !important;margin-right: 2% !important;margin-bottom: 2% !important;margin-left: 2% !important;padding-top: 2% !important;padding-right: 2% !important;padding-bottom: 2% !important;padding-left: 2% !important;background-image: url(http:\/\/hayratnesriyat.com\/2019\/wp-content\/uploads\/2019\/07\/04a.jpg?id=21225) !important;background-position: center !important;background-repeat: no-repeat !important;background-size: cover !important;border-radius: 10px !important;}&#8221;]JTNDY2VudGVyJTNFJTBBJTNDZm9udCUyMGNvbG9yJTNEd2hpdGUlM0UlM0NwJTNFJTIwWW91dHViZSUyMGthbmFsJUM0JUIxbSVDNCVCMXphJTIwJUM1JTlGaW1kaSUyMGJ1cmFkYW4lMjBhYm9uZSUyMG9sYWJpbGlyc2luaXolM0ElM0MlMkZwJTNFJTNDJTJGZm9udCUzRSUwQSUwQSUzQ3NjcmlwdCUyMHNyYyUzRCUyMmh0dHBzJTNBJTJGJTJGYXBpcy5nb29nbGUuY29tJTJGanMlMkZwbGF0Zm9ybS5qcyUyMiUzRSUzQyUyRnNjcmlwdCUzRSUwQSUwQSUzQ2RpdiUyMGNsYXNzJTNEJTIyZy15dHN1YnNjcmliZSUyMiUyMGRhdGEtY2hhbm5lbCUzRCUyMmhheXJhdG5lc3JpeWF0JTIyJTIwZGF0YS1sYXlvdXQlM0QlMjJmdWxsJTIyJTIwZGF0YS1jb3VudCUzRCUyMmRlZmF1bHQlMjIlM0UlM0MlMkZkaXYlM0UlM0MlMkZjZW50ZXIlM0U=[\/vc_raw_html]<\/div><\/div><\/div><\/section><section data-vc-full-width=\"true\" data-vc-full-width-init=\"false\" data-stellar-background-ratio=\"0.5\" class=\"vc_row wpb_row vc_row-fluid  vc_custom_1615385457318 vc_row-has-fill pofo-stretch-content pofo-stretch-row-container parallax\"><div class=\"bg-extra-dark-gray bg-overlay\" style=\"opacity:0.7; \"><\/div><div class=\"wpb_column vc_column_container vc_col-sm-6  col-xs-mobile-fullwidth\"><div class=\"vc_column-inner \"><div class=\"wpb_wrapper\"><div class=\"text-medium-gray text-small margin-5px-bottom alt-font heading-style4  heading-3\"  style=\"font-size: 30px; line-height: 38px; font-weight: 800; color: #ffffff;\" data-fontsize=\"30px\" data-lineheight=\"38px\">B\u00dcY\u00dcK CEV\u015eEN'DEN V\u0130DEOLAR<\/div><div class=\"text-medium-gray text-small margin-5px-bottom alt-font heading-style4  vc_custom_1563961558714  heading-4\"  style=\"font-size: 18px; line-height: 22px; font-weight: 600; color: #ffffff;\" data-fontsize=\"18px\" data-lineheight=\"22px\"><a class=\"text-medium-gray heading-title-link\"  target=\"_blank\" href=\"https:\/\/www.youtube.com\/playlist?list=PLVfxeZ0ETNT885IKg7flHJxn0t0_QbM-z\">B\u00fcnyamin Top\u00e7uo\u011flu hocan\u0131n seslendirdi\u011fi, Hayrat Ne\u015friyat taraf\u0131ndan bas\u0131m\u0131 yap\u0131lan B\u00dcY\u00dcK CEV\u015eEN isimli eserimizden haz\u0131rlanan videolar...<\/a><\/div><a  href=\"https:\/\/www.youtube.com\/playlist?list=PLVfxeZ0ETNT885IKg7flHJxn0t0_QbM-z\" target=\"_blank\" class=\"btn pofo-button-4  wow fadeInLeft button-style2  btn-white  btn-small   vc_custom_1563961841349 pofo-button-responsive-69e38b3c11d97\" ><i class=\"fab fa-youtube   margin-5px-right no-margin-left\" aria-hidden=\"true\"><\/i>YOUTUBE'DA \u0130ZLE<\/a>[vc_raw_html css=&#8221;.vc_custom_1563961349980{margin-top: 2% !important;margin-right: 2% !important;margin-bottom: 2% !important;margin-left: 2% !important;padding-top: 2% !important;padding-right: 2% !important;padding-bottom: 2% !important;padding-left: 2% !important;background-image: url(http:\/\/hayratnesriyat.com\/2019\/wp-content\/uploads\/2019\/07\/04a.jpg?id=21225) !important;background-position: center !important;background-repeat: no-repeat !important;background-size: cover !important;border-radius: 10px !important;}&#8221;]JTNDY2VudGVyJTNFJTBBJTNDZm9udCUyMGNvbG9yJTNEd2hpdGUlM0UlM0NwJTNFJTIwWW91dHViZSUyMGthbmFsJUM0JUIxbSVDNCVCMXphJTIwJUM1JTlGaW1kaSUyMGJ1cmFkYW4lMjBhYm9uZSUyMG9sYWJpbGlyc2luaXolM0ElM0MlMkZwJTNFJTNDJTJGZm9udCUzRSUwQSUwQSUzQ3NjcmlwdCUyMHNyYyUzRCUyMmh0dHBzJTNBJTJGJTJGYXBpcy5nb29nbGUuY29tJTJGanMlMkZwbGF0Zm9ybS5qcyUyMiUzRSUzQyUyRnNjcmlwdCUzRSUwQSUwQSUzQ2RpdiUyMGNsYXNzJTNEJTIyZy15dHN1YnNjcmliZSUyMiUyMGRhdGEtY2hhbm5lbCUzRCUyMmhheXJhdG5lc3JpeWF0JTIyJTIwZGF0YS1sYXlvdXQlM0QlMjJmdWxsJTIyJTIwZGF0YS1jb3VudCUzRCUyMmRlZmF1bHQlMjIlM0UlM0MlMkZkaXYlM0UlM0MlMkZjZW50ZXIlM0U=[\/vc_raw_html]<\/div><\/div><\/div><div class=\"wpb_column vc_column_container vc_col-sm-6  col-xs-mobile-fullwidth\"><div class=\"vc_column-inner \"><div class=\"wpb_wrapper\"><a class=\"absolute-middle-center youtube-video-1  popup-youtube pofo-button-5\" href=\"https:\/\/www.youtube.com\/watch?v=FOq4fRRVQUU\"><img decoding=\"async\" src=\"http:\/\/hayratnesriyat.com\/wp-content\/uploads\/2017\/05\/icon-play.png\" alt=\"\" class=\"icon-image\" \/><\/a><div id=\"pofo-image-slider-1\" class=\"swiper-container height-100 width-100 white-move swiper-container-horizontal pofo-image-style2 pofo-image-slider-1  black-move pofo-slider7 pofo-slider7-1\"><div class=\"swiper-wrapper\"><div class=\"swiper-slide\" data-swiper-slide-index=\"0\"><div class=\"container-fluid no-padding\"><div class=\"col-lg-12 no-padding text-center\"><img loading=\"lazy\" decoding=\"async\" src=\"http:\/\/hayratnesriyat.com\/wp-content\/uploads\/2019\/07\/04-Sek\u00eene-e1563977684946.png\" class=\"width-100\" width=\"600\" height=\"338\" alt=\"\" sizes=\"auto, (max-width: 600px) 100vw, 600px\"\/><\/div><\/div><\/div><div class=\"swiper-slide\" data-swiper-slide-index=\"0\"><div class=\"container-fluid no-padding\"><div class=\"col-lg-12 no-padding text-center\"><img loading=\"lazy\" decoding=\"async\" src=\"http:\/\/hayratnesriyat.com\/wp-content\/uploads\/2019\/07\/01-kebir-e1563977665633.png\" class=\"width-100\" width=\"600\" height=\"338\" alt=\"\" sizes=\"auto, (max-width: 600px) 100vw, 600px\"\/><\/div><\/div><\/div><div class=\"swiper-slide\" data-swiper-slide-index=\"0\"><div class=\"container-fluid no-padding\"><div class=\"col-lg-12 no-padding text-center\"><img loading=\"lazy\" decoding=\"async\" src=\"http:\/\/hayratnesriyat.com\/wp-content\/uploads\/2019\/07\/08-Du\u00e2-y\u0131-Terc\u00fcman-\u0131-\u0130sm-i-Azam-vid.png\" class=\"width-100\" width=\"1920\" height=\"1080\" alt=\"\" srcset=\"http:\/\/hayratnesriyat.com\/wp-content\/uploads\/2019\/07\/08-Du\u00e2-y\u0131-Terc\u00fcman-\u0131-\u0130sm-i-Azam-vid.png 1920w, http:\/\/hayratnesriyat.com\/wp-content\/uploads\/2019\/07\/08-Du\u00e2-y\u0131-Terc\u00fcman-\u0131-\u0130sm-i-Azam-vid-300x169.png 300w, http:\/\/hayratnesriyat.com\/wp-content\/uploads\/2019\/07\/08-Du\u00e2-y\u0131-Terc\u00fcman-\u0131-\u0130sm-i-Azam-vid-768x432.png 768w, http:\/\/hayratnesriyat.com\/wp-content\/uploads\/2019\/07\/08-Du\u00e2-y\u0131-Terc\u00fcman-\u0131-\u0130sm-i-Azam-vid-1024x576.png 1024w, http:\/\/hayratnesriyat.com\/wp-content\/uploads\/2019\/07\/08-Du\u00e2-y\u0131-Terc\u00fcman-\u0131-\u0130sm-i-Azam-vid-1200x675.png 1200w, http:\/\/hayratnesriyat.com\/wp-content\/uploads\/2019\/07\/08-Du\u00e2-y\u0131-Terc\u00fcman-\u0131-\u0130sm-i-Azam-vid-81x46.png 81w\" sizes=\"auto, (max-width: 1920px) 100vw, 1920px\"\/><\/div><\/div><\/div><div class=\"swiper-slide\" data-swiper-slide-index=\"0\"><div class=\"container-fluid no-padding\"><div class=\"col-lg-12 no-padding text-center\"><img loading=\"lazy\" decoding=\"async\" src=\"http:\/\/hayratnesriyat.com\/wp-content\/uploads\/2019\/07\/09-M\u00fcn\u00e2c\u00e2t\u00fcl-Kuran-e1563977942310.png\" class=\"width-100\" width=\"600\" height=\"338\" alt=\"\" sizes=\"auto, (max-width: 600px) 100vw, 600px\"\/><\/div><\/div><\/div><\/div><div class=\"swiper-pagination  swiper-pagination-white swiper-pagination-1\"><\/div><div class=\"swiper-button-next swiper-next-1 swiper-button-white-highlight\"><\/div>\n                                        <div class=\"swiper-button-prev swiper-prev-1 swiper-button-white-highlight\"><\/div><\/div><\/div><\/div><\/div><\/section><div class=\"vc_row-full-width vc_clearfix\"><\/div>\n","protected":false},"excerpt":{"rendered":"[vc_raw_html css=\".vc_custom_1563961308641{margin-top: 2% !important;margin-right: 2% !important;margin-bottom: 2% !important;margin-left: 2% !important;padding-top: 2% !important;padding-right: 2% !important;padding-bottom: 2% !important;padding-left: 2% !important;background-image: url(http:\/\/hayratnesriyat.com\/2019\/wp-content\/uploads\/2019\/07\/04a.jpg?id=21225) !important;background-position: center !important;background-repeat: no-repeat !important;background-size: cover !important;border-radius: 5px !important;}\"]JTNDY2VudGVyJTNFJTBBJTNDZm9udCUyMGNvbG9yJTNEd2hpdGUlM0UlM0NwJTNFJTIwWW91dHViZSUyMGthbmFsJUM0JUIxbSVDNCVCMXphJTIwJUM1JTlGaW1kaSUyMGJ1cmFkYW4lMjBhYm9uZSUyMG9sYWJpbGlyc2luaXolM0ElM0MlMkZwJTNFJTNDJTJGZm9udCUzRSUwQSUwQSUzQ3NjcmlwdCUyMHNyYyUzRCUyMmh0dHBzJTNBJTJGJTJGYXBpcy5nb29nbGUuY29tJTJGanMlMkZwbGF0Zm9ybS5qcyUyMiUzRSUzQyUyRnNjcmlwdCUzRSUwQSUwQSUzQ2RpdiUyMGNsYXNzJTNEJTIyZy15dHN1YnNjcmliZSUyMiUyMGRhdGEtY2hhbm5lbCUzRCUyMmhheXJhdG5lc3JpeWF0JTIyJTIwZGF0YS1sYXlvdXQlM0QlMjJmdWxsJTIyJTIwZGF0YS1jb3VudCUzRCUyMmRlZmF1bHQlMjIlM0UlM0MlMkZkaXYlM0UlM0MlMkZjZW50ZXIlM0U=[\/vc_raw_html]Kur'an-\u0131 Kerim Videolar\u0131T\u00fcrk\u00e7e Meal (Yeni 1080p Videolar)T\u00fcrk\u00e7e mealli, kaliteli \u015fekilde haz\u0131rlanan, takipli yeni Kur'an-\u0131 Kerim videolar\u0131m\u0131z YOUTUBE'DA \u0130ZLEK\u00fcrt\u00e7e Meal (Yeni 1080p Videolar)K\u00fcrt\u00e7e mealli, kaliteli \u015fekilde haz\u0131rlanan, takipli yeni Kur'an-\u0131 Kerim videolar\u0131m\u0131z YOUTUBE'DA \u0130ZLEKur'an-\u0131 Kerim C\u00fczleri (Eski Videolar)Daha \u00f6nceki y\u0131llarda haz\u0131rlanan Kur'an-\u0131 Kerim videolar\u0131m\u0131z. YOUTUBE'DA \u0130ZLEHayrat Ne\u015friyat Tan\u0131t\u0131m VideosuBu videoda Hayrat Ne\u015friyat'\u0131n kurulu\u015funu, Tev\u00e2fuklu Kur'an-\u0131 Kerim'in yaz\u0131l\u0131\u015f\u0131n\u0131 ve Kur'an hizmetinin g\u00fcn\u00fcm\u00fcze kadarki ser\u00fcvenin izleyebilirsiniz. YOUTUBE'DA \u0130ZLE[vc_raw_html css=\".vc_custom_1563961337186{margin-top: 2% !important;margin-right: 2% !important;margin-bottom: 2% !important;margin-left: 2% !important;padding-top: 2% !important;padding-right: 2% !important;padding-bottom: 2% !important;padding-left: 2% !important;background-image: url(http:\/\/hayratnesriyat.com\/2019\/wp-content\/uploads\/2019\/07\/04a.jpg?id=21225) !important;background-position: center !important;background-repeat: no-repeat !important;background-size: cover !important;border-radius: 5px !important;}\"]JTNDY2VudGVyJTNFJTBBJTNDZm9udCUyMGNvbG9yJTNEd2hpdGUlM0UlM0NwJTNFJTIwWW91dHViZSUyMGthbmFsJUM0JUIxbSVDNCVCMXphJTIwJUM1JTlGaW1kaSUyMGJ1cmFkYW4lMjBhYm9uZSUyMG9sYWJpbGlyc2luaXolM0ElM0MlMkZwJTNFJTNDJTJGZm9udCUzRSUwQSUwQSUzQ3NjcmlwdCUyMHNyYyUzRCUyMmh0dHBzJTNBJTJGJTJGYXBpcy5nb29nbGUuY29tJTJGanMlMkZwbGF0Zm9ybS5qcyUyMiUzRSUzQyUyRnNjcmlwdCUzRSUwQSUwQSUzQ2RpdiUyMGNsYXNzJTNEJTIyZy15dHN1YnNjcmliZSUyMiUyMGRhdGEtY2hhbm5lbCUzRCUyMmhheXJhdG5lc3JpeWF0JTIyJTIwZGF0YS1sYXlvdXQlM0QlMjJmdWxsJTIyJTIwZGF0YS1jb3VudCUzRCUyMmRlZmF1bHQlMjIlM0UlM0MlMkZkaXYlM0UlM0MlMkZjZW50ZXIlM0U=[\/vc_raw_html][vc_single_image image=\"20852\" img_size=\"full\"]TEV\u00c2FUK \u00d6RNEKLER\u0130Kur'an-\u0131 Kerim'deki bir \u00e7ok farkl\u0131 \u015fekilde mevcut bulunan tev\u00e2fuklardan \u00f6rnekleri, 3 boyutlu animasyon \u015feklinde izleyebilirsiniz. YOUTUBE'DA \u0130ZLE[vc_raw_html css=\".vc_custom_1563961349980{margin-top: 2% !important;margin-right: 2% !important;margin-bottom: 2% !important;margin-left: 2% !important;padding-top: 2% !important;padding-right: 2% !important;padding-bottom: 2% !important;padding-left: 2% !important;background-image: url(http:\/\/hayratnesriyat.com\/2019\/wp-content\/uploads\/2019\/07\/04a.jpg?id=21225) !important;background-position: center !important;background-repeat: no-repeat !important;background-size: cover !important;border-radius: 10px !important;}\"]JTNDY2VudGVyJTNFJTBBJTNDZm9udCUyMGNvbG9yJTNEd2hpdGUlM0UlM0NwJTNFJTIwWW91dHViZSUyMGthbmFsJUM0JUIxbSVDNCVCMXphJTIwJUM1JTlGaW1kaSUyMGJ1cmFkYW4lMjBhYm9uZSUyMG9sYWJpbGlyc2luaXolM0ElM0MlMkZwJTNFJTNDJTJGZm9udCUzRSUwQSUwQSUzQ3NjcmlwdCUyMHNyYyUzRCUyMmh0dHBzJTNBJTJGJTJGYXBpcy5nb29nbGUuY29tJTJGanMlMkZwbGF0Zm9ybS5qcyUyMiUzRSUzQyUyRnNjcmlwdCUzRSUwQSUwQSUzQ2RpdiUyMGNsYXNzJTNEJTIyZy15dHN1YnNjcmliZSUyMiUyMGRhdGEtY2hhbm5lbCUzRCUyMmhheXJhdG5lc3JpeWF0JTIyJTIwZGF0YS1sYXlvdXQlM0QlMjJmdWxsJTIyJTIwZGF0YS1jb3VudCUzRCUyMmRlZmF1bHQlMjIlM0UlM0MlMkZkaXYlM0UlM0MlMkZjZW50ZXIlM0U=[\/vc_raw_html]B\u00dcY\u00dcK CEV\u015eEN'DEN V\u0130DEOLARB\u00fcnyamin Top\u00e7uo\u011flu hocan\u0131n seslendirdi\u011fi, Hayrat Ne\u015friyat taraf\u0131ndan bas\u0131m\u0131 yap\u0131lan B\u00dcY\u00dcK CEV\u015eEN isimli eserimizden haz\u0131rlanan videolar...YOUTUBE'DA \u0130ZLE[vc_raw_html css=\".vc_custom_1563961349980{margin-top: 2% !important;margin-right: 2% !important;margin-bottom: 2% !important;margin-left: 2% !important;padding-top: 2% !important;padding-right: 2% !important;padding-bottom: 2% !important;padding-left: 2% !important;background-image: url(http:\/\/hayratnesriyat.com\/2019\/wp-content\/uploads\/2019\/07\/04a.jpg?id=21225)...","protected":false},"author":1,"featured_media":0,"parent":0,"menu_order":0,"comment_status":"closed","ping_status":"closed","template":"","meta":{"footnotes":""},"class_list":["post-5453","page","type-page","status-publish","hentry"],"_links":{"self":[{"href":"http:\/\/hayratnesriyat.com\/index.php\/wp-json\/wp\/v2\/pages\/5453","targetHints":{"allow":["GET"]}}],"collection":[{"href":"http:\/\/hayratnesriyat.com\/index.php\/wp-json\/wp\/v2\/pages"}],"about":[{"href":"http:\/\/hayratnesriyat.com\/index.php\/wp-json\/wp\/v2\/types\/page"}],"author":[{"embeddable":true,"href":"http:\/\/hayratnesriyat.com\/index.php\/wp-json\/wp\/v2\/users\/1"}],"replies":[{"embeddable":true,"href":"http:\/\/hayratnesriyat.com\/index.php\/wp-json\/wp\/v2\/comments?post=5453"}],"version-history":[{"count":41,"href":"http:\/\/hayratnesriyat.com\/index.php\/wp-json\/wp\/v2\/pages\/5453\/revisions"}],"predecessor-version":[{"id":21738,"href":"http:\/\/hayratnesriyat.com\/index.php\/wp-json\/wp\/v2\/pages\/5453\/revisions\/21738"}],"wp:attachment":[{"href":"http:\/\/hayratnesriyat.com\/index.php\/wp-json\/wp\/v2\/media?parent=5453"}],"curies":[{"name":"wp","href":"https:\/\/api.w.org\/{rel}","templated":true}]}}